{"id":1651,"date":"2017-02-28T22:21:45","date_gmt":"2017-02-28T22:21:45","guid":{"rendered":"http:\/\/www.ciascom.com\/politica-de-privacidad\/"},"modified":"2017-05-23T20:32:09","modified_gmt":"2017-05-23T20:32:09","slug":"privacy-policy","status":"publish","type":"page","link":"https:\/\/www.ciascom.com\/en\/privacy-policy\/","title":{"rendered":"Privacy policy"},"content":{"rendered":"<p>Through some sections of this website www.ciascom.com you may be asked to provide personal data, owing to which we hereby inform you that the treatment given to these data will comply at all times with the obligations established in the current legislation on personal data protection.<br \/>\nCIAS COM 2001, S.L. guarantees that it has declared all its files to the Data Protection Agency and that it complies with the levels of security required by law.<\/p>\n<p>Interested parties may exercise their rights of access, rectification, cancellation, or opposition by contacting the following e-mail address: ciascom@ciascom.com<\/p>\n<p>Each of the services of this website through which personal data are gathered have established specific clauses at the bottom of each of the forms for collecting data; these clauses contain all the necessary legal precepts for the collection and treatment of the data. The content of these clauses will prevail over that contained in this announcement.<\/p>\n<h3>Industrial and Intellectual Property<\/h3>\n<p>The intellectual and industrial property rights are all those rights recognised by the legislation on intellectual property of a net worth or exploitation nature for any purpose and any means of use, together with all those rights recognised by the legislation on industrial property, including in both cases the power of requesting the appropriate registers and inscriptions for the obtaining of or the protection of these rights (henceforth &#8220;Intellectual and Industrial Property Rights\u201d).<\/p>\n<p>The use of all elements of industrial and intellectual property for business purposes, and their distribution, modification, alteration, or decompilation, is strictly prohibited.<\/p>\n<p>The violation of any of the aforementioned rights may constitute the infringement of these precepts and in addition may be a punishable offence according to Articles 270 and the following of the Spanish Penal Code.<br \/>\nThe publication of messages, websites, the storage of files, or the public communication of any other content by means of the website of CIAS COM 2001, S.L. means the recognition in favour of the latter of a free licence with the widest application allowed by the appropriate legal regulations, not exclusive and worldwide so as to use, copy, sublicence, adapt, transmit, execute, or disseminate publicly any of these contents, and to sublicence to third parties the exercising of any of the previous rights whether totally or partially.<\/p>\n<p>Any claims that may be brought by users in relation to any possible non compliance with the intellectual or industrial property rights of any of the contents of this website should be sent to the following e-mail address: ciascom@ciascom.com<\/p>\n<h3>Law Applicable and Jurisdiction<\/h3>\n<p>For any litigious matter or concerning the website of CIAS COM 2001, S.L. Spanish legislation will be applicable, with the competence for the resolution of all disputes deriving from or related to the use of this website being that of the law courts of the city of Barcelona in Spain.<\/p>\n","protected":false},"excerpt":{"rendered":"<p>Through some sections of this website www.ciascom.com you may be asked to provide personal data, owing to which we hereby inform you that the treatment given to these data will comply at all times with the obligations established in the current legislation on personal data protection. CIAS COM 2001, S.L. guarantees that it has declared&hellip;<\/p>\n","protected":false},"author":1,"featured_media":0,"parent":0,"menu_order":29,"comment_status":"closed","ping_status":"open","template":"","meta":[],"class_list":["post-1651","page","type-page","status-publish","hentry","description-off"],"yoast_head":"<!-- This site is optimized with the Yoast SEO plugin v27.3 - https:\/\/yoast.com\/product\/yoast-seo-wordpress\/ -->\n<title>Privacy policy - Ciascom<\/title>\n<meta name=\"robots\" content=\"index, follow, max-snippet:-1, max-image-preview:large, max-video-preview:-1\" \/>\n<link rel=\"canonical\" href=\"https:\/\/www.ciascom.com\/en\/privacy-policy\/\" \/>\n<meta property=\"og:locale\" content=\"en_US\" \/>\n<meta property=\"og:type\" content=\"article\" \/>\n<meta property=\"og:title\" content=\"Privacy policy - Ciascom\" \/>\n<meta property=\"og:description\" content=\"Through some sections of this website www.ciascom.com you may be asked to provide personal data, owing to which we hereby inform you that the treatment given to these data will comply at all times with the obligations established in the current legislation on personal data protection. CIAS COM 2001, S.L. guarantees that it has declared&hellip;\" \/>\n<meta property=\"og:url\" content=\"https:\/\/www.ciascom.com\/en\/privacy-policy\/\" \/>\n<meta property=\"og:site_name\" content=\"Ciascom\" \/>\n<meta property=\"article:modified_time\" content=\"2017-05-23T20:32:09+00:00\" \/>\n<meta name=\"twitter:label1\" content=\"Est. reading time\" \/>\n\t<meta name=\"twitter:data1\" content=\"2 minutes\" \/>\n<script type=\"application\/ld+json\" class=\"yoast-schema-graph\">{\"@context\":\"https:\\\/\\\/schema.org\",\"@graph\":[{\"@type\":\"WebPage\",\"@id\":\"https:\\\/\\\/www.ciascom.com\\\/en\\\/privacy-policy\\\/\",\"url\":\"https:\\\/\\\/www.ciascom.com\\\/en\\\/privacy-policy\\\/\",\"name\":\"Privacy policy - Ciascom\",\"isPartOf\":{\"@id\":\"https:\\\/\\\/www.ciascom.com\\\/en\\\/#website\"},\"datePublished\":\"2017-02-28T22:21:45+00:00\",\"dateModified\":\"2017-05-23T20:32:09+00:00\",\"breadcrumb\":{\"@id\":\"https:\\\/\\\/www.ciascom.com\\\/en\\\/privacy-policy\\\/#breadcrumb\"},\"inLanguage\":\"en-US\",\"potentialAction\":[{\"@type\":\"ReadAction\",\"target\":[\"https:\\\/\\\/www.ciascom.com\\\/en\\\/privacy-policy\\\/\"]}]},{\"@type\":\"BreadcrumbList\",\"@id\":\"https:\\\/\\\/www.ciascom.com\\\/en\\\/privacy-policy\\\/#breadcrumb\",\"itemListElement\":[{\"@type\":\"ListItem\",\"position\":1,\"name\":\"Inicio\",\"item\":\"https:\\\/\\\/www.ciascom.com\\\/en\\\/\"},{\"@type\":\"ListItem\",\"position\":2,\"name\":\"Privacy policy\"}]},{\"@type\":\"WebSite\",\"@id\":\"https:\\\/\\\/www.ciascom.com\\\/en\\\/#website\",\"url\":\"https:\\\/\\\/www.ciascom.com\\\/en\\\/\",\"name\":\"Ciascom\",\"description\":\"CIAS COM consultor\u00eda especializada en la contrataci\u00f3n, control de servicios generales y gesti\u00f3n de la eficiencia energ\u00e9tica en Administraciones P\u00fablicas y organizaciones privadas\",\"potentialAction\":[{\"@type\":\"SearchAction\",\"target\":{\"@type\":\"EntryPoint\",\"urlTemplate\":\"https:\\\/\\\/www.ciascom.com\\\/en\\\/?s={search_term_string}\"},\"query-input\":{\"@type\":\"PropertyValueSpecification\",\"valueRequired\":true,\"valueName\":\"search_term_string\"}}],\"inLanguage\":\"en-US\"}]}<\/script>\n<!-- \/ Yoast SEO plugin. -->","yoast_head_json":{"title":"Privacy policy - Ciascom","robots":{"index":"index","follow":"follow","max-snippet":"max-snippet:-1","max-image-preview":"max-image-preview:large","max-video-preview":"max-video-preview:-1"},"canonical":"https:\/\/www.ciascom.com\/en\/privacy-policy\/","og_locale":"en_US","og_type":"article","og_title":"Privacy policy - Ciascom","og_description":"Through some sections of this website www.ciascom.com you may be asked to provide personal data, owing to which we hereby inform you that the treatment given to these data will comply at all times with the obligations established in the current legislation on personal data protection. CIAS COM 2001, S.L. guarantees that it has declared&hellip;","og_url":"https:\/\/www.ciascom.com\/en\/privacy-policy\/","og_site_name":"Ciascom","article_modified_time":"2017-05-23T20:32:09+00:00","twitter_misc":{"Est. reading time":"2 minutes"},"schema":{"@context":"https:\/\/schema.org","@graph":[{"@type":"WebPage","@id":"https:\/\/www.ciascom.com\/en\/privacy-policy\/","url":"https:\/\/www.ciascom.com\/en\/privacy-policy\/","name":"Privacy policy - Ciascom","isPartOf":{"@id":"https:\/\/www.ciascom.com\/en\/#website"},"datePublished":"2017-02-28T22:21:45+00:00","dateModified":"2017-05-23T20:32:09+00:00","breadcrumb":{"@id":"https:\/\/www.ciascom.com\/en\/privacy-policy\/#breadcrumb"},"inLanguage":"en-US","potentialAction":[{"@type":"ReadAction","target":["https:\/\/www.ciascom.com\/en\/privacy-policy\/"]}]},{"@type":"BreadcrumbList","@id":"https:\/\/www.ciascom.com\/en\/privacy-policy\/#breadcrumb","itemListElement":[{"@type":"ListItem","position":1,"name":"Inicio","item":"https:\/\/www.ciascom.com\/en\/"},{"@type":"ListItem","position":2,"name":"Privacy policy"}]},{"@type":"WebSite","@id":"https:\/\/www.ciascom.com\/en\/#website","url":"https:\/\/www.ciascom.com\/en\/","name":"Ciascom","description":"CIAS COM consultor\u00eda especializada en la contrataci\u00f3n, control de servicios generales y gesti\u00f3n de la eficiencia energ\u00e9tica en Administraciones P\u00fablicas y organizaciones privadas","potentialAction":[{"@type":"SearchAction","target":{"@type":"EntryPoint","urlTemplate":"https:\/\/www.ciascom.com\/en\/?s={search_term_string}"},"query-input":{"@type":"PropertyValueSpecification","valueRequired":true,"valueName":"search_term_string"}}],"inLanguage":"en-US"}]}},"_links":{"self":[{"href":"https:\/\/www.ciascom.com\/en\/wp-json\/wp\/v2\/pages\/1651","targetHints":{"allow":["GET"]}}],"collection":[{"href":"https:\/\/www.ciascom.com\/en\/wp-json\/wp\/v2\/pages"}],"about":[{"href":"https:\/\/www.ciascom.com\/en\/wp-json\/wp\/v2\/types\/page"}],"author":[{"embeddable":true,"href":"https:\/\/www.ciascom.com\/en\/wp-json\/wp\/v2\/users\/1"}],"replies":[{"embeddable":true,"href":"https:\/\/www.ciascom.com\/en\/wp-json\/wp\/v2\/comments?post=1651"}],"version-history":[{"count":2,"href":"https:\/\/www.ciascom.com\/en\/wp-json\/wp\/v2\/pages\/1651\/revisions"}],"predecessor-version":[{"id":1653,"href":"https:\/\/www.ciascom.com\/en\/wp-json\/wp\/v2\/pages\/1651\/revisions\/1653"}],"wp:attachment":[{"href":"https:\/\/www.ciascom.com\/en\/wp-json\/wp\/v2\/media?parent=1651"}],"curies":[{"name":"wp","href":"https:\/\/api.w.org\/{rel}","templated":true}]}}