{"id":1351,"date":"2017-02-28T22:40:13","date_gmt":"2017-02-28T22:40:13","guid":{"rendered":"http:\/\/www.ciascom.com\/?page_id=1351"},"modified":"2017-02-28T22:43:23","modified_gmt":"2017-02-28T22:43:23","slug":"sitemap","status":"publish","type":"page","link":"https:\/\/www.ciascom.com\/en\/sitemap\/","title":{"rendered":"Sitemap"},"content":{"rendered":"<div class=\"wpb-content-wrapper\">\n<!-- Page-list plugin v.5.9 wordpress.org\/plugins\/page-list\/ -->\n<div class=\"page-list page-list-ext \">\n<div class=\"page-list-ext-item\"><h3 class=\"page-list-ext-title\"><a href=\"https:\/\/www.ciascom.com\/en\/\" title=\"Home\">Home<\/a><\/h3><div class=\"page-list-ext-item-content\">[vc_row margin_top=\"0\" margin_bottom=\"20\" padding_left=\"40\" padding_right=\"40\" bg_position=\"top\" bg_repeat=\"no-repeat\" bg_cover=\"false\" bg_attachment=\"false\" padding_top=\"40\" padding_bottom=\"40\" parallax_speed=\"0.1\"][vc_column][vc_column_text css=\".vc_custom_1495486697411{padding-right:...<\/div><\/div>\n<div class=\"page-list-ext-item\"><h3 class=\"page-list-ext-title\"><a href=\"https:\/\/www.ciascom.com\/en\/sig-policy\/\" title=\"SIG Policy\">SIG Policy<\/a><\/h3><div class=\"page-list-ext-item-content\">[vc_row][vc_column width=\"1\/1\" font_color=\"#666666\"][\/vc_column][\/vc_row]<\/div><\/div>\n<div class=\"page-list-ext-item\"><h3 class=\"page-list-ext-title\"><a href=\"https:\/\/www.ciascom.com\/en\/about-ciascom\/\" title=\"About Ciascom\">About Ciascom<\/a><\/h3><div class=\"page-list-ext-item-content\">[vc_row][vc_column width=\"1\/2\"][vc_column_text]\r\nCIAS COM \r\n[\/vc_column_text][vc_column_text css=\"\"]We are a consultancy company with over 20 years' experience that specialises in improving management, supervision, follow-up, control for contracting general...<\/div><\/div>\n<div class=\"page-list-ext-item\"><h3 class=\"page-list-ext-title\"><a href=\"https:\/\/www.ciascom.com\/en\/our-scope-of-activity\/\" title=\"Our scope of activity\">Our scope of activity<\/a><\/h3><div class=\"page-list-ext-item-content\">[vc_row margin_top=\"0\" margin_bottom=\"0\" padding_left=\"40\" padding_right=\"40\" bg_position=\"top\" bg_repeat=\"no-repeat\" bg_cover=\"false\" bg_attachment=\"false\" padding_top=\"40\" padding_bottom=\"40\" parallax_speed=\"0.1\"][vc_column width=\"1\/3\"][vc_single_image...<\/div><\/div>\n<div class=\"page-list-ext-item\"><h3 class=\"page-list-ext-title\"><a href=\"https:\/\/www.ciascom.com\/en\/services\/\" title=\"Services\">Services<\/a><\/h3><div class=\"page-list-ext-item-content\">[vc_row][vc_column width=\"1\/1\"][vc_column_text]At CIAS COM we provide value for your company by increasing the profitability of its material assets and general services agreements and optimising spaces and work processes.\r\n\r\nWe want to help you to achieve...<\/div><\/div>\n<div class=\"page-list-ext-item\"><h3 class=\"page-list-ext-title\"><a href=\"https:\/\/www.ciascom.com\/en\/news\/\" title=\"News\">News<\/a><\/h3><div class=\"page-list-ext-item-content\"><\/div><\/div>\n<div class=\"page-list-ext-item\"><h3 class=\"page-list-ext-title\"><a href=\"https:\/\/www.ciascom.com\/en\/our-references\/\" title=\"Our references\">Our references<\/a><\/h3><div class=\"page-list-ext-item-content\">[vc_row][vc_column width=\"5\/6\"][vc_column_text]\r\nPublic Administration Sector \r\n[\/vc_column_text][vc_column_text]\r\nLocal Councils \r\n[\/vc_column_text][vc_column_text]\r\nHealthcare Sector \r\n[\/vc_column_text][vc_column_text]\r\nEducation Sector \r\n[\/vc_column_text][vc_column_text]\r\nPrivate...<\/div><\/div>\n<div class=\"page-list-ext-item\"><h3 class=\"page-list-ext-title\"><a href=\"https:\/\/www.ciascom.com\/en\/contact\/\" title=\"Contact\">Contact<\/a><\/h3><div class=\"page-list-ext-item-content\">[vc_row margin_top=\"0\" margin_bottom=\"30\" padding_left=\"0\" padding_right=\"0\" bg_position=\"top\" bg_repeat=\"no-repeat\" bg_cover=\"false\" bg_attachment=\"false\" padding_top=\"40\" padding_bottom=\"40\" parallax_speed=\"0.1\"][vc_column][vc_gmaps link=\"#E-8_JTNDaWZyYW1lJTIwc3JjJTNEJTIyaHR0cHMlM0ElMkYlMkZ3d3cuZ29vZ2xlLmNvbSUyRm1hcHMlMkZlbWJlZCUzRnBiJTNEJTIxMW0xNCUyMTFtOCUyMTFtMyUyMTFkMjk5MS40NDkyMTQ5MTIzOTg1JTIxMmQyLjE2NTc1Nzc5OTk5OTk5OTMlMjEzZDQxLjQyOTQ3MzUwMDAwMDAxJTIxM20yJTIxMWkxMDI0JTIxMmk3NjglMjE0ZjEzLjElMjEzbTMlMjExbTIlMjExczB4MTJhNGJkMzdjMGUxMGFkYiUyNTNBMHg4ZGIzZjM0NWNlZGI3MzU4JTIxMnNDYXJyZXIlMkJkZSUyQlBldHJhcmNhJTI1MkMlMkIyMiUyNTJDJTJCMDgwMzElMkJCYXJjZWxvbmElMjE1ZTAlMjEzbTIlMjExc2VzJTIxMnNlcyUyMTR2MTQxNzUxOTAwNzMzMiUyMiUyMHdpZHRoJTNEJTIyNjAwJTIyJTIwaGVpZ2h0JTNEJTIyNDUwJTIyJTIwZnJhbWVib3JkZXIlM0QlMjIwJTIyJTIwc3R5bGUlM0QlMjJib3JkZXIlM0EwJTIyJTNFJTNDJTJGaWZyYW1lJTNF\"...<\/div><\/div>\n<div class=\"page-list-ext-item\"><h3 class=\"page-list-ext-title\"><a href=\"https:\/\/www.ciascom.com\/en\/privacy-policy\/\" title=\"Privacy policy\">Privacy policy<\/a><\/h3><div class=\"page-list-ext-item-content\">Through some sections of this website www.ciascom.com you may be asked to provide personal data, owing to which we hereby inform you that the treatment given to these data will comply at all times with the obligations established in the current legislation...<\/div><\/div>\n<div class=\"page-list-ext-item\"><h3 class=\"page-list-ext-title\"><a href=\"https:\/\/www.ciascom.com\/en\/politica-de-cookies\/\" title=\"Cookie policy\">Cookie policy<\/a><\/h3><div class=\"page-list-ext-item-content\">Cookie  is a file that is downloaded in your computer when you access certain websites. Among other things, the cookies allow a website to store and recover information on the browsing habits of a user or his\/her equipment, and depending on the information...<\/div><\/div>\n<div class=\"page-list-ext-item\"><h3 class=\"page-list-ext-title\"><a href=\"https:\/\/www.ciascom.com\/en\/disclaimer\/\" title=\"Disclaimer\">Disclaimer<\/a><\/h3><div class=\"page-list-ext-item-content\">Identifying data \r\nIn compliance with the duty of information included in Article 10 of Law 4\/2002 of 11th July on E-business and Information Society Services, the following data are reflected below: the company holding the web domain www.ciascom.com...<\/div><\/div>\n<div class=\"page-list-ext-item\"><h3 class=\"page-list-ext-title\"><a href=\"https:\/\/www.ciascom.com\/en\/sitemap\/\" title=\"Sitemap\">Sitemap<\/a><\/h3><div class=\"page-list-ext-item-content\"><\/div><\/div>\n\n<\/div>\n<\/div>","protected":false},"excerpt":{"rendered":"<p>Home[vc_row margin_top=&#8221;0&#8243; margin_bottom=&#8221;20&#8243; padding_left=&#8221;40&#8243; padding_right=&#8221;40&#8243; bg_position=&#8221;top&#8221; bg_repeat=&#8221;no-repeat&#8221; bg_cover=&#8221;false&#8221; bg_attachment=&#8221;false&#8221; padding_top=&#8221;40&#8243; padding_bottom=&#8221;40&#8243; parallax_speed=&#8221;0.1&#8243;][vc_column][vc_column_text css=&#8221;.vc_custom_1495486697411{padding-right:&#8230; SIG Policy[vc_row][vc_column width=&#8221;1\/1&#8243; font_color=&#8221;#666666&#8243;][\/vc_column][\/vc_row] About Ciascom[vc_row][vc_column width=&#8221;1\/2&#8243;][vc_column_text] CIAS COM [\/vc_column_text][vc_column_text css=&#8221;&#8221;]We are a consultancy company with over 20 years&#8217; experience that specialises in improving management, supervision, follow-up, control for contracting general&#8230; Our scope of activity[vc_row margin_top=&#8221;0&#8243; margin_bottom=&#8221;0&#8243; padding_left=&#8221;40&#8243; padding_right=&#8221;40&#8243; bg_position=&#8221;top&#8221; bg_repeat=&#8221;no-repeat&#8221; bg_cover=&#8221;false&#8221;&hellip;<\/p>\n","protected":false},"author":1,"featured_media":0,"parent":0,"menu_order":36,"comment_status":"closed","ping_status":"open","template":"","meta":[],"class_list":["post-1351","page","type-page","status-publish","hentry","description-off"],"yoast_head":"<!-- This site is optimized with the Yoast SEO plugin v27.3 - https:\/\/yoast.com\/product\/yoast-seo-wordpress\/ -->\n<title>Sitemap - Ciascom<\/title>\n<meta name=\"robots\" content=\"index, follow, max-snippet:-1, max-image-preview:large, max-video-preview:-1\" \/>\n<link rel=\"canonical\" href=\"https:\/\/www.ciascom.com\/en\/sitemap\/\" \/>\n<meta property=\"og:locale\" content=\"en_US\" \/>\n<meta property=\"og:type\" content=\"article\" \/>\n<meta property=\"og:title\" content=\"Sitemap - Ciascom\" \/>\n<meta property=\"og:url\" content=\"https:\/\/www.ciascom.com\/en\/sitemap\/\" \/>\n<meta property=\"og:site_name\" content=\"Ciascom\" \/>\n<meta property=\"article:modified_time\" content=\"2017-02-28T22:43:23+00:00\" \/>\n<script type=\"application\/ld+json\" class=\"yoast-schema-graph\">{\"@context\":\"https:\\\/\\\/schema.org\",\"@graph\":[{\"@type\":\"WebPage\",\"@id\":\"https:\\\/\\\/www.ciascom.com\\\/en\\\/sitemap\\\/\",\"url\":\"https:\\\/\\\/www.ciascom.com\\\/en\\\/sitemap\\\/\",\"name\":\"Sitemap - Ciascom\",\"isPartOf\":{\"@id\":\"https:\\\/\\\/www.ciascom.com\\\/en\\\/#website\"},\"datePublished\":\"2017-02-28T22:40:13+00:00\",\"dateModified\":\"2017-02-28T22:43:23+00:00\",\"breadcrumb\":{\"@id\":\"https:\\\/\\\/www.ciascom.com\\\/en\\\/sitemap\\\/#breadcrumb\"},\"inLanguage\":\"en-US\",\"potentialAction\":[{\"@type\":\"ReadAction\",\"target\":[\"https:\\\/\\\/www.ciascom.com\\\/en\\\/sitemap\\\/\"]}]},{\"@type\":\"BreadcrumbList\",\"@id\":\"https:\\\/\\\/www.ciascom.com\\\/en\\\/sitemap\\\/#breadcrumb\",\"itemListElement\":[{\"@type\":\"ListItem\",\"position\":1,\"name\":\"Inicio\",\"item\":\"https:\\\/\\\/www.ciascom.com\\\/en\\\/\"},{\"@type\":\"ListItem\",\"position\":2,\"name\":\"Sitemap\"}]},{\"@type\":\"WebSite\",\"@id\":\"https:\\\/\\\/www.ciascom.com\\\/en\\\/#website\",\"url\":\"https:\\\/\\\/www.ciascom.com\\\/en\\\/\",\"name\":\"Ciascom\",\"description\":\"CIAS COM consultor\u00eda especializada en la contrataci\u00f3n, control de servicios generales y gesti\u00f3n de la eficiencia energ\u00e9tica en Administraciones P\u00fablicas y organizaciones privadas\",\"potentialAction\":[{\"@type\":\"SearchAction\",\"target\":{\"@type\":\"EntryPoint\",\"urlTemplate\":\"https:\\\/\\\/www.ciascom.com\\\/en\\\/?s={search_term_string}\"},\"query-input\":{\"@type\":\"PropertyValueSpecification\",\"valueRequired\":true,\"valueName\":\"search_term_string\"}}],\"inLanguage\":\"en-US\"}]}<\/script>\n<!-- \/ Yoast SEO plugin. -->","yoast_head_json":{"title":"Sitemap - Ciascom","robots":{"index":"index","follow":"follow","max-snippet":"max-snippet:-1","max-image-preview":"max-image-preview:large","max-video-preview":"max-video-preview:-1"},"canonical":"https:\/\/www.ciascom.com\/en\/sitemap\/","og_locale":"en_US","og_type":"article","og_title":"Sitemap - Ciascom","og_url":"https:\/\/www.ciascom.com\/en\/sitemap\/","og_site_name":"Ciascom","article_modified_time":"2017-02-28T22:43:23+00:00","schema":{"@context":"https:\/\/schema.org","@graph":[{"@type":"WebPage","@id":"https:\/\/www.ciascom.com\/en\/sitemap\/","url":"https:\/\/www.ciascom.com\/en\/sitemap\/","name":"Sitemap - Ciascom","isPartOf":{"@id":"https:\/\/www.ciascom.com\/en\/#website"},"datePublished":"2017-02-28T22:40:13+00:00","dateModified":"2017-02-28T22:43:23+00:00","breadcrumb":{"@id":"https:\/\/www.ciascom.com\/en\/sitemap\/#breadcrumb"},"inLanguage":"en-US","potentialAction":[{"@type":"ReadAction","target":["https:\/\/www.ciascom.com\/en\/sitemap\/"]}]},{"@type":"BreadcrumbList","@id":"https:\/\/www.ciascom.com\/en\/sitemap\/#breadcrumb","itemListElement":[{"@type":"ListItem","position":1,"name":"Inicio","item":"https:\/\/www.ciascom.com\/en\/"},{"@type":"ListItem","position":2,"name":"Sitemap"}]},{"@type":"WebSite","@id":"https:\/\/www.ciascom.com\/en\/#website","url":"https:\/\/www.ciascom.com\/en\/","name":"Ciascom","description":"CIAS COM consultor\u00eda especializada en la contrataci\u00f3n, control de servicios generales y gesti\u00f3n de la eficiencia energ\u00e9tica en Administraciones P\u00fablicas y organizaciones privadas","potentialAction":[{"@type":"SearchAction","target":{"@type":"EntryPoint","urlTemplate":"https:\/\/www.ciascom.com\/en\/?s={search_term_string}"},"query-input":{"@type":"PropertyValueSpecification","valueRequired":true,"valueName":"search_term_string"}}],"inLanguage":"en-US"}]}},"_links":{"self":[{"href":"https:\/\/www.ciascom.com\/en\/wp-json\/wp\/v2\/pages\/1351","targetHints":{"allow":["GET"]}}],"collection":[{"href":"https:\/\/www.ciascom.com\/en\/wp-json\/wp\/v2\/pages"}],"about":[{"href":"https:\/\/www.ciascom.com\/en\/wp-json\/wp\/v2\/types\/page"}],"author":[{"embeddable":true,"href":"https:\/\/www.ciascom.com\/en\/wp-json\/wp\/v2\/users\/1"}],"replies":[{"embeddable":true,"href":"https:\/\/www.ciascom.com\/en\/wp-json\/wp\/v2\/comments?post=1351"}],"version-history":[{"count":2,"href":"https:\/\/www.ciascom.com\/en\/wp-json\/wp\/v2\/pages\/1351\/revisions"}],"predecessor-version":[{"id":1356,"href":"https:\/\/www.ciascom.com\/en\/wp-json\/wp\/v2\/pages\/1351\/revisions\/1356"}],"wp:attachment":[{"href":"https:\/\/www.ciascom.com\/en\/wp-json\/wp\/v2\/media?parent=1351"}],"curies":[{"name":"wp","href":"https:\/\/api.w.org\/{rel}","templated":true}]}}