{"id":1144,"date":"2014-03-18T09:49:29","date_gmt":"2014-03-18T09:49:29","guid":{"rendered":"http:\/\/www.ciascom.com\/sample-page-2\/"},"modified":"2026-04-22T16:14:37","modified_gmt":"2026-04-22T14:14:37","slug":"sample-page","status":"publish","type":"page","link":"https:\/\/www.ciascom.com\/en\/","title":{"rendered":"Home"},"content":{"rendered":"<div class=\"wpb-content-wrapper\"><p>[vc_row margin_top=&#8221;0&#8243; margin_bottom=&#8221;20&#8243; padding_left=&#8221;40&#8243; padding_right=&#8221;40&#8243; bg_position=&#8221;top&#8221; bg_repeat=&#8221;no-repeat&#8221; bg_cover=&#8221;false&#8221; bg_attachment=&#8221;false&#8221; padding_top=&#8221;40&#8243; padding_bottom=&#8221;40&#8243; parallax_speed=&#8221;0.1&#8243;][vc_column]<div class=\"gap\" style=\"line-height: 20px; height: 20px;\"><\/div>[vc_column_text css=&#8221;.vc_custom_1495486697411{padding-right: 80px !important;padding-left: 80px !important;}&#8221;]<\/p>\n<p style=\"text-align: center;\"><span style=\"color: #184e67; font-size: 18px;\"><strong>CIAS COM is a consultancy specialising in contracting, the control of general services, and the management of energy efficiency in Public Administrations and private organisations<\/strong><\/span><\/p>\n<p>[\/vc_column_text][\/vc_column][\/vc_row][vc_row margin_top=&#8221;0&#8243; margin_bottom=&#8221;0&#8243; padding_left=&#8221;40&#8243; padding_right=&#8221;40&#8243; bg_position=&#8221;top&#8221; bg_repeat=&#8221;no-repeat&#8221; bg_cover=&#8221;false&#8221; bg_attachment=&#8221;false&#8221; padding_top=&#8221;40&#8243; padding_bottom=&#8221;40&#8243; parallax_speed=&#8221;0.1&#8243; type=&#8221;2&#8243;][vc_column][vc_column_text]<\/p>\n<h3>CIAS COM Certifications<\/h3>\n<p>[\/vc_column_text]<div class=\"gap\" style=\"line-height: 20px; height: 20px;\"><\/div>[vc_row_inner el_class=&#8221;sellos&#8221;][vc_column_inner width=&#8221;1\/6&#8243;]<div class=\"gap\" style=\"line-height: 10px; height: 10px;\"><\/div><section class=\"shortcode-teaser frame-fancy frame-on text-centered bottom-to-top\"><div class=\"layzr-bg shortcode-teaser-img\"><img loading=\"lazy\" decoding=\"async\" class=\"lazy-load\" src=\"data:image\/svg+xml;charset=utf-8,%3Csvg xmlns%3D&#039;http%3A%2F%2Fwww.w3.org%2F2000%2Fsvg&#039; viewBox%3D&#039;0 0 629 614&#039;%2F%3E\" width=\"629\" height=\"614\" alt=\"Gesti\u00f3n de la calidad\" data-srcset=\"https:\/\/www.ciascom.com\/wp-content\/uploads\/2016\/03\/SGS_ISO-9001_TCL_HR.jpg 629w\" data-src=\"https:\/\/www.ciascom.com\/wp-content\/uploads\/2016\/03\/SGS_ISO-9001_TCL_HR.jpg\" \/><\/div><div class=\"shortcode-teaser-content text-normal\"><h5>ISO 9001:2008<\/h5>\n<p>Quality Management Systems<\/p>\n<\/div><\/section>[\/vc_column_inner][vc_column_inner width=&#8221;1\/6&#8243;]<div class=\"gap\" style=\"line-height: 10px; height: 10px;\"><\/div><section class=\"shortcode-teaser frame-fancy frame-on text-centered bottom-to-top\"><div class=\"layzr-bg shortcode-teaser-img\"><img loading=\"lazy\" decoding=\"async\" class=\"lazy-load\" src=\"data:image\/svg+xml;charset=utf-8,%3Csvg xmlns%3D&#039;http%3A%2F%2Fwww.w3.org%2F2000%2Fsvg&#039; viewBox%3D&#039;0 0 404 404&#039;%2F%3E\" width=\"404\" height=\"404\" data-srcset=\"https:\/\/www.ciascom.com\/wp-content\/uploads\/2016\/03\/ISO14001.jpg 404w\" data-src=\"https:\/\/www.ciascom.com\/wp-content\/uploads\/2016\/03\/ISO14001.jpg\" \/><\/div><div class=\"shortcode-teaser-content text-normal\"><h5>ISO 14001:2004<\/h5>\n<p>Environmental Management Systems<\/p>\n<\/div><\/section>[\/vc_column_inner][vc_column_inner width=&#8221;1\/6&#8243;]<div class=\"gap\" style=\"line-height: 10px; height: 10px;\"><\/div><section class=\"shortcode-teaser frame-fancy frame-on text-centered bottom-to-top\"><div class=\"layzr-bg shortcode-teaser-img\"><img loading=\"lazy\" decoding=\"async\" class=\"lazy-load\" src=\"data:image\/svg+xml;charset=utf-8,%3Csvg xmlns%3D&#039;http%3A%2F%2Fwww.w3.org%2F2000%2Fsvg&#039; viewBox%3D&#039;0 0 1046 1046&#039;%2F%3E\" width=\"1046\" height=\"1046\" data-srcset=\"https:\/\/www.ciascom.com\/wp-content\/uploads\/2016\/03\/OHSAS18001_en_c.jpg 1046w\" data-src=\"https:\/\/www.ciascom.com\/wp-content\/uploads\/2016\/03\/OHSAS18001_en_c.jpg\" \/><\/div><div class=\"shortcode-teaser-content text-normal\"><h5>OHSAS 18001:2007<\/h5>\n<p>Occupational Health and Safety Assessment Series<\/p>\n<\/div><\/section>[\/vc_column_inner][vc_column_inner width=&#8221;1\/6&#8243;]<div class=\"gap\" style=\"line-height: 10px; height: 10px;\"><\/div><section class=\"shortcode-teaser frame-fancy frame-on text-centered bottom-to-top\"><div class=\"layzr-bg shortcode-teaser-img\"><img loading=\"lazy\" decoding=\"async\" class=\"lazy-load\" src=\"data:image\/svg+xml;charset=utf-8,%3Csvg xmlns%3D&#039;http%3A%2F%2Fwww.w3.org%2F2000%2Fsvg&#039; viewBox%3D&#039;0 0 434 434&#039;%2F%3E\" width=\"434\" height=\"434\" alt=\"emas\" data-srcset=\"https:\/\/www.ciascom.com\/wp-content\/uploads\/2014\/03\/emas.jpg 434w\" data-src=\"https:\/\/www.ciascom.com\/wp-content\/uploads\/2014\/03\/emas.jpg\" \/><\/div><div class=\"shortcode-teaser-content text-normal\"><h5>EMAS<\/h5>\n<p>Eco-Management Audit Scheme<\/p>\n<\/div><\/section>[\/vc_column_inner][vc_column_inner width=&#8221;1\/6&#8243;]<div class=\"gap\" style=\"line-height: 10px; height: 10px;\"><\/div><section class=\"shortcode-teaser frame-fancy frame-on text-centered bottom-to-top\"><div class=\"layzr-bg shortcode-teaser-img\"><img loading=\"lazy\" decoding=\"async\" class=\"lazy-load\" src=\"data:image\/svg+xml;charset=utf-8,%3Csvg xmlns%3D&#039;http%3A%2F%2Fwww.w3.org%2F2000%2Fsvg&#039; viewBox%3D&#039;0 0 434 434&#039;%2F%3E\" width=\"434\" height=\"434\" data-srcset=\"https:\/\/www.ciascom.com\/wp-content\/uploads\/2014\/03\/selloRepro.jpg 434w\" data-src=\"https:\/\/www.ciascom.com\/wp-content\/uploads\/2014\/03\/selloRepro.jpg\" \/><\/div><div class=\"shortcode-teaser-content text-normal\"><h5>REPRO<\/h5>\n<p>Repro \u2013 Achilles Seal<\/p>\n<\/div><\/section>[\/vc_column_inner][vc_column_inner width=&#8221;1\/6&#8243;]<div class=\"gap\" style=\"line-height: 10px; height: 10px;\"><\/div><section class=\"shortcode-teaser frame-fancy frame-on text-centered bottom-to-top\"><div class=\"layzr-bg shortcode-teaser-img\"><img loading=\"lazy\" decoding=\"async\" class=\"lazy-load\" src=\"data:image\/svg+xml;charset=utf-8,%3Csvg xmlns%3D&#039;http%3A%2F%2Fwww.w3.org%2F2000%2Fsvg&#039; viewBox%3D&#039;0 0 434 398&#039;%2F%3E\" width=\"434\" height=\"398\" data-srcset=\"https:\/\/www.ciascom.com\/wp-content\/uploads\/2014\/03\/cmvp.jpg 434w\" data-src=\"https:\/\/www.ciascom.com\/wp-content\/uploads\/2014\/03\/cmvp.jpg\" \/><\/div><div class=\"shortcode-teaser-content text-normal\"><h5>CMVP<\/h5>\n<p>EVO \u2013 CMVP Certificate<\/p>\n<\/div><\/section>[\/vc_column_inner][\/vc_row_inner]<div class=\"gap\" style=\"line-height: 10px; height: 10px;\"><\/div>[vc_row_inner el_class=&#8221;sellos&#8221;][vc_column_inner width=&#8221;1\/6&#8243;]<div class=\"gap\" style=\"line-height: 10px; height: 10px;\"><\/div><section class=\"shortcode-teaser frame-fancy frame-on text-centered bottom-to-top\"><div class=\"layzr-bg shortcode-teaser-img\"><img loading=\"lazy\" decoding=\"async\" class=\"lazy-load\" src=\"data:image\/svg+xml;charset=utf-8,%3Csvg xmlns%3D&#039;http%3A%2F%2Fwww.w3.org%2F2000%2Fsvg&#039; viewBox%3D&#039;0 0 150 150&#039;%2F%3E\" width=\"150\" height=\"150\" data-srcset=\"https:\/\/www.ciascom.com\/wp-content\/uploads\/2014\/03\/cem-150.jpg 150w\" data-src=\"https:\/\/www.ciascom.com\/wp-content\/uploads\/2014\/03\/cem-150.jpg\" \/><\/div><div class=\"shortcode-teaser-content text-normal\"><h5>CEM<\/h5>\n<p>AEE<\/p>\n<\/div><\/section>[\/vc_column_inner][vc_column_inner width=&#8221;1\/6&#8243;]<div class=\"gap\" style=\"line-height: 10px; height: 10px;\"><\/div><section class=\"shortcode-teaser frame-fancy frame-on text-centered bottom-to-top\"><div class=\"layzr-bg shortcode-teaser-img\"><img loading=\"lazy\" decoding=\"async\" class=\"lazy-load\" src=\"data:image\/svg+xml;charset=utf-8,%3Csvg xmlns%3D&#039;http%3A%2F%2Fwww.w3.org%2F2000%2Fsvg&#039; viewBox%3D&#039;0 0 489 489&#039;%2F%3E\" width=\"489\" height=\"489\" data-srcset=\"https:\/\/www.ciascom.com\/wp-content\/uploads\/2014\/03\/IDAE1.png 489w\" data-src=\"https:\/\/www.ciascom.com\/wp-content\/uploads\/2014\/03\/IDAE1.png\" \/><\/div><div class=\"shortcode-teaser-content text-normal\"><h5>IDAE<\/h5>\n<p>.<\/p>\n<\/div><\/section>[\/vc_column_inner][vc_column_inner width=&#8221;1\/2&#8243;]<div class=\"gap\" style=\"line-height: 10px; height: 10px;\"><\/div>[vc_column_text css=&#8221;&#8221;]<\/p>\n<h5><a href=\"https:\/\/www.ciascom.com\/wp-content\/uploads\/2026\/04\/RG-109-2025-Rev-1-Declaracion-ambiental.pdf\" target=\"_blank\" rel=\"noopener\"><span style=\"color: #0185b2;\">Environmental Statement<\/span><\/a><\/h5>\n<h5>Inscribed on the Electronic Register of Tenderers (Registro Electr\u00f3nico de Licitadores, RELI) of the Generalitat de Catalunya<\/h5>\n<h5>We have an equality plan at our organisation.<\/h5>\n<h5><a title=\"SIG Policy\" href=\"https:\/\/www.ciascom.com\/wp-content\/uploads\/2026\/04\/DC-002-rev-10-Politica-SIG-20260220.pdf\"> <span style=\"color: #0185b2;\">SIG Policy<\/span><\/a><\/h5>\n<p>[\/vc_column_text][\/vc_column_inner][\/vc_row_inner]<div class=\"gap\" style=\"line-height: 10px; height: 10px;\"><\/div>[\/vc_column][\/vc_row][vc_row bg_position=&#8221;top&#8221; bg_repeat=&#8221;repeat&#8221; bg_cover=&#8221;false&#8221; bg_attachment=&#8221;false&#8221; padding_top=&#8221;50&#8243; padding_bottom=&#8221;10&#8243; margin_top=&#8221;30&#8243; margin_bottom=&#8221;0&#8243; padding_left=&#8221;40&#8243; padding_right=&#8221;40&#8243; parallax_speed=&#8221;0.1&#8243;][vc_column width=&#8221;1\/4&#8243;][vc_column_text]<\/p>\n<h3>Our References<\/h3>\n<p>[\/vc_column_text]<div class=\"gap\" style=\"line-height: 20px; height: 20px;\"><\/div>[vc_column_text]<\/p>\n<p>These are some of the references of CIAS COM<\/p>\n<p>[\/vc_column_text]<div class=\"gap\" style=\"line-height: 20px; height: 20px;\"><\/div>[vc_column_text]<\/p>\n<a href=\"\/referencias\/\" class=\"btn-shortcode dt-btn-m dt-btn default-btn-color default-btn-hover-color default-btn-bg-color default-btn-bg-hover-color\" target=\"_blank\" id=\"dt-btn-1\" rel=\"noopener\"><span>See all our references<\/span><\/a>\n<p>[\/vc_column_text]<div class=\"gap\" style=\"line-height: 30px; height: 30px;\"><\/div>[\/vc_column][vc_column width=&#8221;3\/4&#8243;]<div class=\"gap\" style=\"line-height: 10px; height: 10px;\"><\/div>[vc_column_text]<section class=\"logos-grid wf-container animation-builder\"><div class=\"wf-logo wf-1-5\"><div class=\"borders\"><a href=\"\" target=\"_blank\" title=\"\" ><img loading=\"lazy\" decoding=\"async\" class=\"right-to-left animate-element preload-me\" src=\"https:\/\/www.ciascom.com\/wp-content\/uploads\/2024\/02\/Correos.jpg\" width=\"300\" height=\"300\"  alt=\"Correos\" \/><\/a><\/div><\/div><div class=\"wf-logo wf-1-5\"><div class=\"borders\"><a href=\"http:\/\/www.barcelona.cat\/\" target=\"_blank\" title=\"\" ><img loading=\"lazy\" decoding=\"async\" class=\"right-to-left animate-element preload-me\" src=\"https:\/\/www.ciascom.com\/wp-content\/uploads\/2014\/03\/ajuntament-de-barcelona-300x300.png\" width=\"300\" height=\"300\"  alt=\"01 Ayuntamiento de Barcelona\" \/><\/a><\/div><\/div><div class=\"wf-logo wf-1-5\"><div class=\"borders\"><a href=\"http:\/\/www.edubcn.cat\" target=\"_blank\" title=\"\" ><img loading=\"lazy\" decoding=\"async\" class=\"right-to-left animate-element preload-me\" src=\"https:\/\/www.ciascom.com\/wp-content\/uploads\/2014\/12\/consorci-de-educacio-de-barcelona-300x300.png\" width=\"300\" height=\"300\"  alt=\"CEB Consorci d\u2019Educaci\u00f3 de Barcelona\" \/><\/a><\/div><\/div><div class=\"wf-logo wf-1-5\"><div class=\"borders\"><a href=\"http:\/\/ics.gencat.cat\/\" target=\"_blank\" title=\"\" ><img loading=\"lazy\" decoding=\"async\" class=\"right-to-left animate-element preload-me\" src=\"https:\/\/www.ciascom.com\/wp-content\/uploads\/2014\/12\/institut-catala-de-la-salut-300x300.png\" width=\"300\" height=\"300\"  alt=\"ICS Institut Catal\u00e0 de la Salut\" \/><\/a><\/div><\/div><div class=\"wf-logo wf-1-5\"><div class=\"borders\"><a href=\"http:\/\/www.mjusticia.gob.es\" target=\"_blank\" title=\"\" ><img loading=\"lazy\" decoding=\"async\" class=\"right-to-left animate-element preload-me\" src=\"https:\/\/www.ciascom.com\/wp-content\/uploads\/2014\/12\/ministerio-de-justicia-300x300.png\" width=\"300\" height=\"300\"  alt=\"Ministerio de Justicia\" \/><\/a><\/div><\/div><\/section>[\/vc_column_text]<div class=\"gap\" style=\"line-height: 50px; height: 50px;\"><\/div>[\/vc_column][\/vc_row]<\/p>\n<\/div>","protected":false},"excerpt":{"rendered":"<p>[vc_row margin_top=&#8221;0&#8243; margin_bottom=&#8221;20&#8243; padding_left=&#8221;40&#8243; padding_right=&#8221;40&#8243; bg_position=&#8221;top&#8221; bg_repeat=&#8221;no-repeat&#8221; bg_cover=&#8221;false&#8221; bg_attachment=&#8221;false&#8221; padding_top=&#8221;40&#8243; padding_bottom=&#8221;40&#8243; parallax_speed=&#8221;0.1&#8243;][vc_column][vc_column_text css=&#8221;.vc_custom_1495486697411{padding-right: 80px !important;padding-left: 80px !important;}&#8221;] CIAS COM is a consultancy specialising in contracting, the control of general services, and the management of energy efficiency in Public Administrations and private organisations [\/vc_column_text][\/vc_column][\/vc_row][vc_row margin_top=&#8221;0&#8243; margin_bottom=&#8221;0&#8243; padding_left=&#8221;40&#8243; padding_right=&#8221;40&#8243; bg_position=&#8221;top&#8221; bg_repeat=&#8221;no-repeat&#8221; bg_cover=&#8221;false&#8221; bg_attachment=&#8221;false&#8221; padding_top=&#8221;40&#8243; padding_bottom=&#8221;40&#8243; parallax_speed=&#8221;0.1&#8243; type=&#8221;2&#8243;][vc_column][vc_column_text]&hellip;<\/p>\n","protected":false},"author":2,"featured_media":0,"parent":0,"menu_order":0,"comment_status":"closed","ping_status":"open","template":"","meta":[],"class_list":["post-1144","page","type-page","status-publish","hentry","dt_logos_category-40","description-off"],"yoast_head":"<!-- This site is optimized with the Yoast SEO plugin v27.3 - https:\/\/yoast.com\/product\/yoast-seo-wordpress\/ -->\n<title>Ciascom - Consultor\u00eda para administraciones p\u00fablicas.<\/title>\n<meta name=\"description\" content=\"Consultoria administraciones p\u00fablicas facilities management, consultoria servicios generales\" \/>\n<meta name=\"robots\" content=\"index, follow, max-snippet:-1, max-image-preview:large, max-video-preview:-1\" \/>\n<link rel=\"canonical\" href=\"https:\/\/www.ciascom.com\/en\/\" \/>\n<meta property=\"og:locale\" content=\"en_US\" \/>\n<meta property=\"og:type\" content=\"article\" \/>\n<meta property=\"og:title\" content=\"Ciascom - Consultor\u00eda para administraciones p\u00fablicas.\" \/>\n<meta property=\"og:description\" content=\"Consultoria administraciones p\u00fablicas facilities management, consultoria servicios generales\" \/>\n<meta property=\"og:url\" content=\"https:\/\/www.ciascom.com\/en\/\" \/>\n<meta property=\"og:site_name\" content=\"Ciascom\" \/>\n<meta property=\"article:modified_time\" content=\"2026-04-22T14:14:37+00:00\" \/>\n<meta name=\"twitter:label1\" content=\"Est. reading time\" \/>\n\t<meta name=\"twitter:data1\" content=\"3 minutes\" \/>\n<script type=\"application\/ld+json\" class=\"yoast-schema-graph\">{\"@context\":\"https:\\\/\\\/schema.org\",\"@graph\":[{\"@type\":\"WebPage\",\"@id\":\"https:\\\/\\\/www.ciascom.com\\\/en\\\/\",\"url\":\"https:\\\/\\\/www.ciascom.com\\\/en\\\/\",\"name\":\"Ciascom - Consultor\u00eda para administraciones p\u00fablicas.\",\"isPartOf\":{\"@id\":\"https:\\\/\\\/www.ciascom.com\\\/en\\\/#website\"},\"datePublished\":\"2014-03-18T09:49:29+00:00\",\"dateModified\":\"2026-04-22T14:14:37+00:00\",\"description\":\"Consultoria administraciones p\u00fablicas facilities management, consultoria servicios generales\",\"breadcrumb\":{\"@id\":\"https:\\\/\\\/www.ciascom.com\\\/en\\\/#breadcrumb\"},\"inLanguage\":\"en-US\",\"potentialAction\":[{\"@type\":\"ReadAction\",\"target\":[\"https:\\\/\\\/www.ciascom.com\\\/en\\\/\"]}]},{\"@type\":\"BreadcrumbList\",\"@id\":\"https:\\\/\\\/www.ciascom.com\\\/en\\\/#breadcrumb\",\"itemListElement\":[{\"@type\":\"ListItem\",\"position\":1,\"name\":\"Inicio\",\"item\":\"https:\\\/\\\/www.ciascom.com\\\/en\\\/\"},{\"@type\":\"ListItem\",\"position\":2,\"name\":\"Home\"}]},{\"@type\":\"WebSite\",\"@id\":\"https:\\\/\\\/www.ciascom.com\\\/en\\\/#website\",\"url\":\"https:\\\/\\\/www.ciascom.com\\\/en\\\/\",\"name\":\"Ciascom\",\"description\":\"CIAS COM consultor\u00eda especializada en la contrataci\u00f3n, control de servicios generales y gesti\u00f3n de la eficiencia energ\u00e9tica en Administraciones P\u00fablicas y organizaciones privadas\",\"potentialAction\":[{\"@type\":\"SearchAction\",\"target\":{\"@type\":\"EntryPoint\",\"urlTemplate\":\"https:\\\/\\\/www.ciascom.com\\\/en\\\/?s={search_term_string}\"},\"query-input\":{\"@type\":\"PropertyValueSpecification\",\"valueRequired\":true,\"valueName\":\"search_term_string\"}}],\"inLanguage\":\"en-US\"}]}<\/script>\n<!-- \/ Yoast SEO plugin. -->","yoast_head_json":{"title":"Ciascom - Consultor\u00eda para administraciones p\u00fablicas.","description":"Consultoria administraciones p\u00fablicas facilities management, consultoria servicios generales","robots":{"index":"index","follow":"follow","max-snippet":"max-snippet:-1","max-image-preview":"max-image-preview:large","max-video-preview":"max-video-preview:-1"},"canonical":"https:\/\/www.ciascom.com\/en\/","og_locale":"en_US","og_type":"article","og_title":"Ciascom - Consultor\u00eda para administraciones p\u00fablicas.","og_description":"Consultoria administraciones p\u00fablicas facilities management, consultoria servicios generales","og_url":"https:\/\/www.ciascom.com\/en\/","og_site_name":"Ciascom","article_modified_time":"2026-04-22T14:14:37+00:00","twitter_misc":{"Est. reading time":"3 minutes"},"schema":{"@context":"https:\/\/schema.org","@graph":[{"@type":"WebPage","@id":"https:\/\/www.ciascom.com\/en\/","url":"https:\/\/www.ciascom.com\/en\/","name":"Ciascom - Consultor\u00eda para administraciones p\u00fablicas.","isPartOf":{"@id":"https:\/\/www.ciascom.com\/en\/#website"},"datePublished":"2014-03-18T09:49:29+00:00","dateModified":"2026-04-22T14:14:37+00:00","description":"Consultoria administraciones p\u00fablicas facilities management, consultoria servicios generales","breadcrumb":{"@id":"https:\/\/www.ciascom.com\/en\/#breadcrumb"},"inLanguage":"en-US","potentialAction":[{"@type":"ReadAction","target":["https:\/\/www.ciascom.com\/en\/"]}]},{"@type":"BreadcrumbList","@id":"https:\/\/www.ciascom.com\/en\/#breadcrumb","itemListElement":[{"@type":"ListItem","position":1,"name":"Inicio","item":"https:\/\/www.ciascom.com\/en\/"},{"@type":"ListItem","position":2,"name":"Home"}]},{"@type":"WebSite","@id":"https:\/\/www.ciascom.com\/en\/#website","url":"https:\/\/www.ciascom.com\/en\/","name":"Ciascom","description":"CIAS COM consultor\u00eda especializada en la contrataci\u00f3n, control de servicios generales y gesti\u00f3n de la eficiencia energ\u00e9tica en Administraciones P\u00fablicas y organizaciones privadas","potentialAction":[{"@type":"SearchAction","target":{"@type":"EntryPoint","urlTemplate":"https:\/\/www.ciascom.com\/en\/?s={search_term_string}"},"query-input":{"@type":"PropertyValueSpecification","valueRequired":true,"valueName":"search_term_string"}}],"inLanguage":"en-US"}]}},"_links":{"self":[{"href":"https:\/\/www.ciascom.com\/en\/wp-json\/wp\/v2\/pages\/1144","targetHints":{"allow":["GET"]}}],"collection":[{"href":"https:\/\/www.ciascom.com\/en\/wp-json\/wp\/v2\/pages"}],"about":[{"href":"https:\/\/www.ciascom.com\/en\/wp-json\/wp\/v2\/types\/page"}],"author":[{"embeddable":true,"href":"https:\/\/www.ciascom.com\/en\/wp-json\/wp\/v2\/users\/2"}],"replies":[{"embeddable":true,"href":"https:\/\/www.ciascom.com\/en\/wp-json\/wp\/v2\/comments?post=1144"}],"version-history":[{"count":23,"href":"https:\/\/www.ciascom.com\/en\/wp-json\/wp\/v2\/pages\/1144\/revisions"}],"predecessor-version":[{"id":4017,"href":"https:\/\/www.ciascom.com\/en\/wp-json\/wp\/v2\/pages\/1144\/revisions\/4017"}],"wp:attachment":[{"href":"https:\/\/www.ciascom.com\/en\/wp-json\/wp\/v2\/media?parent=1144"}],"curies":[{"name":"wp","href":"https:\/\/api.w.org\/{rel}","templated":true}]}}