{"id":1142,"date":"2014-12-01T16:58:52","date_gmt":"2014-12-01T16:58:52","guid":{"rendered":"http:\/\/www.ciascom.com\/politica-del-sig-2\/"},"modified":"2016-03-09T19:36:05","modified_gmt":"2016-03-09T19:36:05","slug":"sig-policy","status":"publish","type":"page","link":"https:\/\/www.ciascom.com\/en\/sig-policy\/","title":{"rendered":"SIG Policy"},"content":{"rendered":"<div class=\"wpb-content-wrapper\"><p>[vc_row][vc_column width=&#8221;1\/1&#8243; font_color=&#8221;#666666&#8243;]<div class=\"dt-fancy-separator title-left h3-size style-disabled\" style=\"width: 100%;\"><div class=\"dt-fancy-title\"><span class=\"separator-holder separator-left\"><\/span>Misi\u00f3n<span class=\"separator-holder separator-right\"><\/span><\/div><\/div><blockquote class=\"text-normal shortcode-blockquote\"><p>Facilitar procesos de consultor\u00eda y asistencia t\u00e9cnica en Servicios Generales \/ Facility Management para organizaciones p\u00fablicas y privadas.<\/p>\n<\/blockquote><div class=\"dt-fancy-separator title-left h3-size style-disabled\" style=\"width: 100%;\"><div class=\"dt-fancy-title\"><span class=\"separator-holder separator-left\"><\/span>Visi\u00f3n<span class=\"separator-holder separator-right\"><\/span><\/div><\/div><blockquote class=\"text-normal shortcode-blockquote\"><p>Convertirnos en un referente estatal, como empresa de consultor\u00eda y asistencia t\u00e9cnica en Servicios Generales \/ Facility Management.<\/p>\n<\/blockquote><div class=\"dt-fancy-separator title-left h3-size style-disabled\" style=\"width: 100%;\"><div class=\"dt-fancy-title\"><span class=\"separator-holder separator-left\"><\/span>Valores<span class=\"separator-holder separator-right\"><\/span><\/div><\/div><blockquote class=\"text-normal shortcode-blockquote\"><div class=\"bg2\">\n<p><strong>COMPROMISO:<\/strong> de cumplir los requisitos de nuestros clientes, de prestar servicios de consultor\u00eda eficaces y aplicar la legislaci\u00f3n vigente en todas nuestras actividades, as\u00ed como otros requisitos suscritos relacionados con el sistema integrado de gesti\u00f3n.<\/p>\n<p>&nbsp;<\/p>\n<p><strong>SERVICIO:<\/strong> flexibilidad y profesionalidad en todas nuestras actuaciones y propuestas a nuestros clientes.<\/p>\n<p>&nbsp;<\/p>\n<p><strong>PERSONAL:<\/strong> formaci\u00f3n, sensibilizaci\u00f3n, motivaci\u00f3n y experiencia de todo nuestro personal.<\/p>\n<p>&nbsp;<\/p>\n<p><strong>TECNOLOG\u00cdA:<\/strong> incorporaci\u00f3n constante de nuevas tecnolog\u00edas para gestionar un sistema de informaci\u00f3n abierto a todos nuestros colaboradores y clientes.<\/p>\n<p>&nbsp;<\/p>\n<p><strong>CALIDAD:<\/strong> implantaci\u00f3n de un sistema de gesti\u00f3n de calidad basado en la mejora continua que garantice un servicio de alto nivel y una imagen de marca innovadora.<\/p>\n<p>&nbsp;<\/p>\n<p><strong>MEDIO AMBIENTE:<\/strong> compromiso de protecci\u00f3n del medio ambiente, trabajando en la prevenci\u00f3n de la contaminaci\u00f3n derivada principalmente de nuestros residuos y de las emisiones de nuestros veh\u00edculos de flota y en la gesti\u00f3n eficiente de nuestros recursos naturales y energ\u00e9ticos.<\/p>\n<p>&nbsp;<\/p>\n<p><strong>SEGURIDAD LABORAL:<\/strong> utilizar la mejora continua en la prevenci\u00f3n de los da\u00f1os y deterioro de la salud como base de todas nuestras actividades laborales.<\/p>\n<p>&nbsp;<\/p>\n<p><strong>\u00c9TICA:<\/strong> garantizar el comportamiento \u00e9tico en todas nuestras actuaciones e impulsar la implantaci\u00f3n de la responsabilidad social corporativa.<\/p>\n<p>&nbsp;<\/p>\n<p><strong>IGUALDAD:<\/strong> fomentar la igualdad de oportunidades entre todo nuestro equipo y garantizar un ambiente de trabajo \u00f3ptimo, donde se pueda desarrollar todo el potencial de nuestro personal y contribuir as\u00ed a la mejora continua, independientemente de su raza, g\u00e9nero, religi\u00f3n o discapacidad.<\/p>\n<\/div>\n<\/blockquote>[\/vc_column][\/vc_row]<\/p>\n<\/div>","protected":false},"excerpt":{"rendered":"<p>[vc_row][vc_column width=&#8221;1\/1&#8243; font_color=&#8221;#666666&#8243;][\/vc_column][\/vc_row]<\/p>\n","protected":false},"author":1,"featured_media":0,"parent":0,"menu_order":0,"comment_status":"closed","ping_status":"open","template":"","meta":[],"class_list":["post-1142","page","type-page","status-publish","hentry","description-off"],"yoast_head":"<!-- This site is optimized with the Yoast SEO plugin v27.3 - https:\/\/yoast.com\/product\/yoast-seo-wordpress\/ -->\n<title>SIG Policy - Ciascom<\/title>\n<meta name=\"robots\" content=\"index, follow, max-snippet:-1, max-image-preview:large, max-video-preview:-1\" \/>\n<link rel=\"canonical\" href=\"https:\/\/www.ciascom.com\/en\/sig-policy\/\" \/>\n<meta property=\"og:locale\" content=\"en_US\" \/>\n<meta property=\"og:type\" content=\"article\" \/>\n<meta property=\"og:title\" content=\"SIG Policy - Ciascom\" \/>\n<meta property=\"og:description\" content=\"[vc_row][vc_column width=&#8221;1\/1&#8243; font_color=&#8221;#666666&#8243;][\/vc_column][\/vc_row]\" \/>\n<meta property=\"og:url\" content=\"https:\/\/www.ciascom.com\/en\/sig-policy\/\" \/>\n<meta property=\"og:site_name\" content=\"Ciascom\" \/>\n<meta property=\"article:modified_time\" content=\"2016-03-09T19:36:05+00:00\" \/>\n<meta name=\"twitter:label1\" content=\"Est. reading time\" \/>\n\t<meta name=\"twitter:data1\" content=\"2 minutes\" \/>\n<script type=\"application\/ld+json\" class=\"yoast-schema-graph\">{\"@context\":\"https:\\\/\\\/schema.org\",\"@graph\":[{\"@type\":\"WebPage\",\"@id\":\"https:\\\/\\\/www.ciascom.com\\\/en\\\/sig-policy\\\/\",\"url\":\"https:\\\/\\\/www.ciascom.com\\\/en\\\/sig-policy\\\/\",\"name\":\"SIG Policy - Ciascom\",\"isPartOf\":{\"@id\":\"https:\\\/\\\/www.ciascom.com\\\/en\\\/#website\"},\"datePublished\":\"2014-12-01T16:58:52+00:00\",\"dateModified\":\"2016-03-09T19:36:05+00:00\",\"breadcrumb\":{\"@id\":\"https:\\\/\\\/www.ciascom.com\\\/en\\\/sig-policy\\\/#breadcrumb\"},\"inLanguage\":\"en-US\",\"potentialAction\":[{\"@type\":\"ReadAction\",\"target\":[\"https:\\\/\\\/www.ciascom.com\\\/en\\\/sig-policy\\\/\"]}]},{\"@type\":\"BreadcrumbList\",\"@id\":\"https:\\\/\\\/www.ciascom.com\\\/en\\\/sig-policy\\\/#breadcrumb\",\"itemListElement\":[{\"@type\":\"ListItem\",\"position\":1,\"name\":\"Inicio\",\"item\":\"https:\\\/\\\/www.ciascom.com\\\/en\\\/\"},{\"@type\":\"ListItem\",\"position\":2,\"name\":\"SIG Policy\"}]},{\"@type\":\"WebSite\",\"@id\":\"https:\\\/\\\/www.ciascom.com\\\/en\\\/#website\",\"url\":\"https:\\\/\\\/www.ciascom.com\\\/en\\\/\",\"name\":\"Ciascom\",\"description\":\"CIAS COM consultor\u00eda especializada en la contrataci\u00f3n, control de servicios generales y gesti\u00f3n de la eficiencia energ\u00e9tica en Administraciones P\u00fablicas y organizaciones privadas\",\"potentialAction\":[{\"@type\":\"SearchAction\",\"target\":{\"@type\":\"EntryPoint\",\"urlTemplate\":\"https:\\\/\\\/www.ciascom.com\\\/en\\\/?s={search_term_string}\"},\"query-input\":{\"@type\":\"PropertyValueSpecification\",\"valueRequired\":true,\"valueName\":\"search_term_string\"}}],\"inLanguage\":\"en-US\"}]}<\/script>\n<!-- \/ Yoast SEO plugin. -->","yoast_head_json":{"title":"SIG Policy - Ciascom","robots":{"index":"index","follow":"follow","max-snippet":"max-snippet:-1","max-image-preview":"max-image-preview:large","max-video-preview":"max-video-preview:-1"},"canonical":"https:\/\/www.ciascom.com\/en\/sig-policy\/","og_locale":"en_US","og_type":"article","og_title":"SIG Policy - Ciascom","og_description":"[vc_row][vc_column width=&#8221;1\/1&#8243; font_color=&#8221;#666666&#8243;][\/vc_column][\/vc_row]","og_url":"https:\/\/www.ciascom.com\/en\/sig-policy\/","og_site_name":"Ciascom","article_modified_time":"2016-03-09T19:36:05+00:00","twitter_misc":{"Est. reading time":"2 minutes"},"schema":{"@context":"https:\/\/schema.org","@graph":[{"@type":"WebPage","@id":"https:\/\/www.ciascom.com\/en\/sig-policy\/","url":"https:\/\/www.ciascom.com\/en\/sig-policy\/","name":"SIG Policy - Ciascom","isPartOf":{"@id":"https:\/\/www.ciascom.com\/en\/#website"},"datePublished":"2014-12-01T16:58:52+00:00","dateModified":"2016-03-09T19:36:05+00:00","breadcrumb":{"@id":"https:\/\/www.ciascom.com\/en\/sig-policy\/#breadcrumb"},"inLanguage":"en-US","potentialAction":[{"@type":"ReadAction","target":["https:\/\/www.ciascom.com\/en\/sig-policy\/"]}]},{"@type":"BreadcrumbList","@id":"https:\/\/www.ciascom.com\/en\/sig-policy\/#breadcrumb","itemListElement":[{"@type":"ListItem","position":1,"name":"Inicio","item":"https:\/\/www.ciascom.com\/en\/"},{"@type":"ListItem","position":2,"name":"SIG Policy"}]},{"@type":"WebSite","@id":"https:\/\/www.ciascom.com\/en\/#website","url":"https:\/\/www.ciascom.com\/en\/","name":"Ciascom","description":"CIAS COM consultor\u00eda especializada en la contrataci\u00f3n, control de servicios generales y gesti\u00f3n de la eficiencia energ\u00e9tica en Administraciones P\u00fablicas y organizaciones privadas","potentialAction":[{"@type":"SearchAction","target":{"@type":"EntryPoint","urlTemplate":"https:\/\/www.ciascom.com\/en\/?s={search_term_string}"},"query-input":{"@type":"PropertyValueSpecification","valueRequired":true,"valueName":"search_term_string"}}],"inLanguage":"en-US"}]}},"_links":{"self":[{"href":"https:\/\/www.ciascom.com\/en\/wp-json\/wp\/v2\/pages\/1142","targetHints":{"allow":["GET"]}}],"collection":[{"href":"https:\/\/www.ciascom.com\/en\/wp-json\/wp\/v2\/pages"}],"about":[{"href":"https:\/\/www.ciascom.com\/en\/wp-json\/wp\/v2\/types\/page"}],"author":[{"embeddable":true,"href":"https:\/\/www.ciascom.com\/en\/wp-json\/wp\/v2\/users\/1"}],"replies":[{"embeddable":true,"href":"https:\/\/www.ciascom.com\/en\/wp-json\/wp\/v2\/comments?post=1142"}],"version-history":[{"count":2,"href":"https:\/\/www.ciascom.com\/en\/wp-json\/wp\/v2\/pages\/1142\/revisions"}],"predecessor-version":[{"id":1300,"href":"https:\/\/www.ciascom.com\/en\/wp-json\/wp\/v2\/pages\/1142\/revisions\/1300"}],"wp:attachment":[{"href":"https:\/\/www.ciascom.com\/en\/wp-json\/wp\/v2\/media?parent=1142"}],"curies":[{"name":"wp","href":"https:\/\/api.w.org\/{rel}","templated":true}]}}