{"id":1134,"date":"2014-03-18T10:04:12","date_gmt":"2014-03-18T10:04:12","guid":{"rendered":"http:\/\/www.ciascom.com\/contacto-2\/"},"modified":"2024-05-14T10:32:03","modified_gmt":"2024-05-14T10:32:03","slug":"contact","status":"publish","type":"page","link":"https:\/\/www.ciascom.com\/en\/contact\/","title":{"rendered":"Contact"},"content":{"rendered":"<div class=\"wpb-content-wrapper\"><p>[vc_row margin_top=&#8221;0&#8243; margin_bottom=&#8221;30&#8243; padding_left=&#8221;0&#8243; padding_right=&#8221;0&#8243; bg_position=&#8221;top&#8221; bg_repeat=&#8221;no-repeat&#8221; bg_cover=&#8221;false&#8221; bg_attachment=&#8221;false&#8221; padding_top=&#8221;40&#8243; padding_bottom=&#8221;40&#8243; parallax_speed=&#8221;0.1&#8243;][vc_column][vc_gmaps link=&#8221;#E-8_JTNDaWZyYW1lJTIwc3JjJTNEJTIyaHR0cHMlM0ElMkYlMkZ3d3cuZ29vZ2xlLmNvbSUyRm1hcHMlMkZlbWJlZCUzRnBiJTNEJTIxMW0xNCUyMTFtOCUyMTFtMyUyMTFkMjk5MS40NDkyMTQ5MTIzOTg1JTIxMmQyLjE2NTc1Nzc5OTk5OTk5OTMlMjEzZDQxLjQyOTQ3MzUwMDAwMDAxJTIxM20yJTIxMWkxMDI0JTIxMmk3NjglMjE0ZjEzLjElMjEzbTMlMjExbTIlMjExczB4MTJhNGJkMzdjMGUxMGFkYiUyNTNBMHg4ZGIzZjM0NWNlZGI3MzU4JTIxMnNDYXJyZXIlMkJkZSUyQlBldHJhcmNhJTI1MkMlMkIyMiUyNTJDJTJCMDgwMzElMkJCYXJjZWxvbmElMjE1ZTAlMjEzbTIlMjExc2VzJTIxMnNlcyUyMTR2MTQxNzUxOTAwNzMzMiUyMiUyMHdpZHRoJTNEJTIyNjAwJTIyJTIwaGVpZ2h0JTNEJTIyNDUwJTIyJTIwZnJhbWVib3JkZXIlM0QlMjIwJTIyJTIwc3R5bGUlM0QlMjJib3JkZXIlM0EwJTIyJTNFJTNDJTJGaWZyYW1lJTNF&#8221; size=&#8221;400&#8243; type=&#8221;m&#8221; zoom=&#8221;15&#8243; bubble=&#8221;1&#8243;][\/vc_column][\/vc_row][vc_row][vc_column width=&#8221;1\/3&#8243;][vc_column_text]<\/p>\n<h3>Contact information<\/h3>\n<p>[\/vc_column_text]<div class=\"gap\" style=\"line-height: 20px; height: 20px;\"><\/div>[vc_column_text]<span id=\"result_box\" class=\"\" lang=\"en\"><span class=\"hps\">If you wish to<\/span> <span class=\"hps\">contact us please<\/span> <span class=\"hps\">do so<\/span> <span class=\"hps\">through normal means<\/span> <span class=\"hps\">or by completing the<\/span> <span class=\"hps\">contact form<\/span><span class=\"\">.<\/span><\/span><br \/>\n<div class=\"gap\" style=\"line-height: 10px; height: 10px;\"><\/div>\n<h6>Address:<\/h6>\n<p>C\/ Petrarca, 22 local 08031 Barcelona (Espa\u00f1a)<br \/>\n<div class=\"gap\" style=\"line-height: 10px; height: 10px;\"><\/div>\n<h6>Phones:<\/h6>\n<p>+34 93 407 40 40<br \/>\n<div class=\"gap\" style=\"line-height: 10px; height: 10px;\"><\/div>\n<h6>Fax:<\/h6>\n<p>+34 93 407 40 41<br \/>\n<div class=\"gap\" style=\"line-height: 10px; height: 10px;\"><\/div>\n<h6>Email:<\/h6>\n<p><a href=\"mailto:ciascom@ciascom.com\"><strong>ciascom@ciascom.com<\/strong><\/a><br \/>\n<div class=\"gap\" style=\"line-height: 10px; height: 10px;\"><\/div>\n<h6>Social Links:<\/h6>\n<div class=\"soc-ico\"><a title=\"Facebook page opens in new window\" href=\"https:\/\/www.facebook.com\/Ciascom-388624674819461\/\" target=\"_blank\" class=\"facebook\"><span class=\"soc-font-icon\"><\/span><span class=\"screen-reader-text\">Facebook page opens in new window<\/span><\/a><a title=\"Linkedin page opens in new window\" href=\"https:\/\/www.linkedin.com\/company-beta\/7079308\/\" target=\"_blank\" class=\"linkedin\"><span class=\"soc-font-icon\"><\/span><span class=\"screen-reader-text\">Linkedin page opens in new window<\/span><\/a><\/div>[\/vc_column_text][\/vc_column][\/vc_row]<\/p>\n<\/div>","protected":false},"excerpt":{"rendered":"<p>[vc_row margin_top=&#8221;0&#8243; margin_bottom=&#8221;30&#8243; padding_left=&#8221;0&#8243; padding_right=&#8221;0&#8243; bg_position=&#8221;top&#8221; bg_repeat=&#8221;no-repeat&#8221; bg_cover=&#8221;false&#8221; bg_attachment=&#8221;false&#8221; padding_top=&#8221;40&#8243; padding_bottom=&#8221;40&#8243; parallax_speed=&#8221;0.1&#8243;][vc_column][vc_gmaps link=&#8221;#E-8_JTNDaWZyYW1lJTIwc3JjJTNEJTIyaHR0cHMlM0ElMkYlMkZ3d3cuZ29vZ2xlLmNvbSUyRm1hcHMlMkZlbWJlZCUzRnBiJTNEJTIxMW0xNCUyMTFtOCUyMTFtMyUyMTFkMjk5MS40NDkyMTQ5MTIzOTg1JTIxMmQyLjE2NTc1Nzc5OTk5OTk5OTMlMjEzZDQxLjQyOTQ3MzUwMDAwMDAxJTIxM20yJTIxMWkxMDI0JTIxMmk3NjglMjE0ZjEzLjElMjEzbTMlMjExbTIlMjExczB4MTJhNGJkMzdjMGUxMGFkYiUyNTNBMHg4ZGIzZjM0NWNlZGI3MzU4JTIxMnNDYXJyZXIlMkJkZSUyQlBldHJhcmNhJTI1MkMlMkIyMiUyNTJDJTJCMDgwMzElMkJCYXJjZWxvbmElMjE1ZTAlMjEzbTIlMjExc2VzJTIxMnNlcyUyMTR2MTQxNzUxOTAwNzMzMiUyMiUyMHdpZHRoJTNEJTIyNjAwJTIyJTIwaGVpZ2h0JTNEJTIyNDUwJTIyJTIwZnJhbWVib3JkZXIlM0QlMjIwJTIyJTIwc3R5bGUlM0QlMjJib3JkZXIlM0EwJTIyJTNFJTNDJTJGaWZyYW1lJTNF&#8221; size=&#8221;400&#8243; type=&#8221;m&#8221; zoom=&#8221;15&#8243; bubble=&#8221;1&#8243;][\/vc_column][\/vc_row][vc_row][vc_column width=&#8221;1\/3&#8243;][vc_column_text] Contact information [\/vc_column_text][vc_column_text]If you wish to contact us please do so through normal means or by completing the contact form. Address: C\/ Petrarca, 22 local 08031 Barcelona (Espa\u00f1a) Phones: +34 93 407 40 40 Fax: +34 93&hellip;<\/p>\n","protected":false},"author":2,"featured_media":0,"parent":0,"menu_order":21,"comment_status":"closed","ping_status":"open","template":"","meta":[],"class_list":["post-1134","page","type-page","status-publish","hentry","description-off"],"yoast_head":"<!-- This site is optimized with the Yoast SEO plugin v27.3 - https:\/\/yoast.com\/product\/yoast-seo-wordpress\/ -->\n<title>Contact - Ciascom<\/title>\n<meta name=\"robots\" content=\"index, follow, max-snippet:-1, max-image-preview:large, max-video-preview:-1\" \/>\n<link rel=\"canonical\" href=\"https:\/\/www.ciascom.com\/en\/contact\/\" \/>\n<meta property=\"og:locale\" content=\"en_US\" \/>\n<meta property=\"og:type\" content=\"article\" \/>\n<meta property=\"og:title\" content=\"Contact - Ciascom\" \/>\n<meta property=\"og:description\" content=\"[vc_row margin_top=&#8221;0&#8243; margin_bottom=&#8221;30&#8243; padding_left=&#8221;0&#8243; padding_right=&#8221;0&#8243; bg_position=&#8221;top&#8221; bg_repeat=&#8221;no-repeat&#8221; bg_cover=&#8221;false&#8221; bg_attachment=&#8221;false&#8221; padding_top=&#8221;40&#8243; padding_bottom=&#8221;40&#8243; parallax_speed=&#8221;0.1&#8243;][vc_column][vc_gmaps link=&#8221;#E-8_JTNDaWZyYW1lJTIwc3JjJTNEJTIyaHR0cHMlM0ElMkYlMkZ3d3cuZ29vZ2xlLmNvbSUyRm1hcHMlMkZlbWJlZCUzRnBiJTNEJTIxMW0xNCUyMTFtOCUyMTFtMyUyMTFkMjk5MS40NDkyMTQ5MTIzOTg1JTIxMmQyLjE2NTc1Nzc5OTk5OTk5OTMlMjEzZDQxLjQyOTQ3MzUwMDAwMDAxJTIxM20yJTIxMWkxMDI0JTIxMmk3NjglMjE0ZjEzLjElMjEzbTMlMjExbTIlMjExczB4MTJhNGJkMzdjMGUxMGFkYiUyNTNBMHg4ZGIzZjM0NWNlZGI3MzU4JTIxMnNDYXJyZXIlMkJkZSUyQlBldHJhcmNhJTI1MkMlMkIyMiUyNTJDJTJCMDgwMzElMkJCYXJjZWxvbmElMjE1ZTAlMjEzbTIlMjExc2VzJTIxMnNlcyUyMTR2MTQxNzUxOTAwNzMzMiUyMiUyMHdpZHRoJTNEJTIyNjAwJTIyJTIwaGVpZ2h0JTNEJTIyNDUwJTIyJTIwZnJhbWVib3JkZXIlM0QlMjIwJTIyJTIwc3R5bGUlM0QlMjJib3JkZXIlM0EwJTIyJTNFJTNDJTJGaWZyYW1lJTNF&#8221; size=&#8221;400&#8243; type=&#8221;m&#8221; zoom=&#8221;15&#8243; bubble=&#8221;1&#8243;][\/vc_column][\/vc_row][vc_row][vc_column width=&#8221;1\/3&#8243;][vc_column_text] Contact information [\/vc_column_text][vc_column_text]If you wish to contact us please do so through normal means or by completing the contact form. Address: C\/ Petrarca, 22 local 08031 Barcelona (Espa\u00f1a) Phones: +34 93 407 40 40 Fax: +34 93&hellip;\" \/>\n<meta property=\"og:url\" content=\"https:\/\/www.ciascom.com\/en\/contact\/\" \/>\n<meta property=\"og:site_name\" content=\"Ciascom\" \/>\n<meta property=\"article:modified_time\" content=\"2024-05-14T10:32:03+00:00\" \/>\n<meta name=\"twitter:label1\" content=\"Est. reading time\" \/>\n\t<meta name=\"twitter:data1\" content=\"1 minute\" \/>\n<script type=\"application\/ld+json\" class=\"yoast-schema-graph\">{\"@context\":\"https:\\\/\\\/schema.org\",\"@graph\":[{\"@type\":\"WebPage\",\"@id\":\"https:\\\/\\\/www.ciascom.com\\\/en\\\/contact\\\/\",\"url\":\"https:\\\/\\\/www.ciascom.com\\\/en\\\/contact\\\/\",\"name\":\"Contact - Ciascom\",\"isPartOf\":{\"@id\":\"https:\\\/\\\/www.ciascom.com\\\/en\\\/#website\"},\"datePublished\":\"2014-03-18T10:04:12+00:00\",\"dateModified\":\"2024-05-14T10:32:03+00:00\",\"breadcrumb\":{\"@id\":\"https:\\\/\\\/www.ciascom.com\\\/en\\\/contact\\\/#breadcrumb\"},\"inLanguage\":\"en-US\",\"potentialAction\":[{\"@type\":\"ReadAction\",\"target\":[\"https:\\\/\\\/www.ciascom.com\\\/en\\\/contact\\\/\"]}]},{\"@type\":\"BreadcrumbList\",\"@id\":\"https:\\\/\\\/www.ciascom.com\\\/en\\\/contact\\\/#breadcrumb\",\"itemListElement\":[{\"@type\":\"ListItem\",\"position\":1,\"name\":\"Inicio\",\"item\":\"https:\\\/\\\/www.ciascom.com\\\/en\\\/\"},{\"@type\":\"ListItem\",\"position\":2,\"name\":\"Contact\"}]},{\"@type\":\"WebSite\",\"@id\":\"https:\\\/\\\/www.ciascom.com\\\/en\\\/#website\",\"url\":\"https:\\\/\\\/www.ciascom.com\\\/en\\\/\",\"name\":\"Ciascom\",\"description\":\"CIAS COM consultor\u00eda especializada en la contrataci\u00f3n, control de servicios generales y gesti\u00f3n de la eficiencia energ\u00e9tica en Administraciones P\u00fablicas y organizaciones privadas\",\"potentialAction\":[{\"@type\":\"SearchAction\",\"target\":{\"@type\":\"EntryPoint\",\"urlTemplate\":\"https:\\\/\\\/www.ciascom.com\\\/en\\\/?s={search_term_string}\"},\"query-input\":{\"@type\":\"PropertyValueSpecification\",\"valueRequired\":true,\"valueName\":\"search_term_string\"}}],\"inLanguage\":\"en-US\"}]}<\/script>\n<!-- \/ Yoast SEO plugin. -->","yoast_head_json":{"title":"Contact - Ciascom","robots":{"index":"index","follow":"follow","max-snippet":"max-snippet:-1","max-image-preview":"max-image-preview:large","max-video-preview":"max-video-preview:-1"},"canonical":"https:\/\/www.ciascom.com\/en\/contact\/","og_locale":"en_US","og_type":"article","og_title":"Contact - Ciascom","og_description":"[vc_row margin_top=&#8221;0&#8243; margin_bottom=&#8221;30&#8243; padding_left=&#8221;0&#8243; padding_right=&#8221;0&#8243; bg_position=&#8221;top&#8221; bg_repeat=&#8221;no-repeat&#8221; bg_cover=&#8221;false&#8221; bg_attachment=&#8221;false&#8221; padding_top=&#8221;40&#8243; padding_bottom=&#8221;40&#8243; parallax_speed=&#8221;0.1&#8243;][vc_column][vc_gmaps link=&#8221;#E-8_JTNDaWZyYW1lJTIwc3JjJTNEJTIyaHR0cHMlM0ElMkYlMkZ3d3cuZ29vZ2xlLmNvbSUyRm1hcHMlMkZlbWJlZCUzRnBiJTNEJTIxMW0xNCUyMTFtOCUyMTFtMyUyMTFkMjk5MS40NDkyMTQ5MTIzOTg1JTIxMmQyLjE2NTc1Nzc5OTk5OTk5OTMlMjEzZDQxLjQyOTQ3MzUwMDAwMDAxJTIxM20yJTIxMWkxMDI0JTIxMmk3NjglMjE0ZjEzLjElMjEzbTMlMjExbTIlMjExczB4MTJhNGJkMzdjMGUxMGFkYiUyNTNBMHg4ZGIzZjM0NWNlZGI3MzU4JTIxMnNDYXJyZXIlMkJkZSUyQlBldHJhcmNhJTI1MkMlMkIyMiUyNTJDJTJCMDgwMzElMkJCYXJjZWxvbmElMjE1ZTAlMjEzbTIlMjExc2VzJTIxMnNlcyUyMTR2MTQxNzUxOTAwNzMzMiUyMiUyMHdpZHRoJTNEJTIyNjAwJTIyJTIwaGVpZ2h0JTNEJTIyNDUwJTIyJTIwZnJhbWVib3JkZXIlM0QlMjIwJTIyJTIwc3R5bGUlM0QlMjJib3JkZXIlM0EwJTIyJTNFJTNDJTJGaWZyYW1lJTNF&#8221; size=&#8221;400&#8243; type=&#8221;m&#8221; zoom=&#8221;15&#8243; bubble=&#8221;1&#8243;][\/vc_column][\/vc_row][vc_row][vc_column width=&#8221;1\/3&#8243;][vc_column_text] Contact information [\/vc_column_text][vc_column_text]If you wish to contact us please do so through normal means or by completing the contact form. Address: C\/ Petrarca, 22 local 08031 Barcelona (Espa\u00f1a) Phones: +34 93 407 40 40 Fax: +34 93&hellip;","og_url":"https:\/\/www.ciascom.com\/en\/contact\/","og_site_name":"Ciascom","article_modified_time":"2024-05-14T10:32:03+00:00","twitter_misc":{"Est. reading time":"1 minute"},"schema":{"@context":"https:\/\/schema.org","@graph":[{"@type":"WebPage","@id":"https:\/\/www.ciascom.com\/en\/contact\/","url":"https:\/\/www.ciascom.com\/en\/contact\/","name":"Contact - Ciascom","isPartOf":{"@id":"https:\/\/www.ciascom.com\/en\/#website"},"datePublished":"2014-03-18T10:04:12+00:00","dateModified":"2024-05-14T10:32:03+00:00","breadcrumb":{"@id":"https:\/\/www.ciascom.com\/en\/contact\/#breadcrumb"},"inLanguage":"en-US","potentialAction":[{"@type":"ReadAction","target":["https:\/\/www.ciascom.com\/en\/contact\/"]}]},{"@type":"BreadcrumbList","@id":"https:\/\/www.ciascom.com\/en\/contact\/#breadcrumb","itemListElement":[{"@type":"ListItem","position":1,"name":"Inicio","item":"https:\/\/www.ciascom.com\/en\/"},{"@type":"ListItem","position":2,"name":"Contact"}]},{"@type":"WebSite","@id":"https:\/\/www.ciascom.com\/en\/#website","url":"https:\/\/www.ciascom.com\/en\/","name":"Ciascom","description":"CIAS COM consultor\u00eda especializada en la contrataci\u00f3n, control de servicios generales y gesti\u00f3n de la eficiencia energ\u00e9tica en Administraciones P\u00fablicas y organizaciones privadas","potentialAction":[{"@type":"SearchAction","target":{"@type":"EntryPoint","urlTemplate":"https:\/\/www.ciascom.com\/en\/?s={search_term_string}"},"query-input":{"@type":"PropertyValueSpecification","valueRequired":true,"valueName":"search_term_string"}}],"inLanguage":"en-US"}]}},"_links":{"self":[{"href":"https:\/\/www.ciascom.com\/en\/wp-json\/wp\/v2\/pages\/1134","targetHints":{"allow":["GET"]}}],"collection":[{"href":"https:\/\/www.ciascom.com\/en\/wp-json\/wp\/v2\/pages"}],"about":[{"href":"https:\/\/www.ciascom.com\/en\/wp-json\/wp\/v2\/types\/page"}],"author":[{"embeddable":true,"href":"https:\/\/www.ciascom.com\/en\/wp-json\/wp\/v2\/users\/2"}],"replies":[{"embeddable":true,"href":"https:\/\/www.ciascom.com\/en\/wp-json\/wp\/v2\/comments?post=1134"}],"version-history":[{"count":9,"href":"https:\/\/www.ciascom.com\/en\/wp-json\/wp\/v2\/pages\/1134\/revisions"}],"predecessor-version":[{"id":3734,"href":"https:\/\/www.ciascom.com\/en\/wp-json\/wp\/v2\/pages\/1134\/revisions\/3734"}],"wp:attachment":[{"href":"https:\/\/www.ciascom.com\/en\/wp-json\/wp\/v2\/media?parent=1134"}],"curies":[{"name":"wp","href":"https:\/\/api.w.org\/{rel}","templated":true}]}}