{"id":1111,"date":"2014-12-02T15:03:45","date_gmt":"2014-12-02T15:03:45","guid":{"rendered":"http:\/\/www.ciascom.com\/ambito-de-actuacion-2\/"},"modified":"2025-10-03T11:22:48","modified_gmt":"2025-10-03T11:22:48","slug":"our-scope-of-activity","status":"publish","type":"page","link":"https:\/\/www.ciascom.com\/en\/our-scope-of-activity\/","title":{"rendered":"Our scope of activity"},"content":{"rendered":"<div class=\"wpb-content-wrapper\"><p>[vc_row margin_top=&#8221;0&#8243; margin_bottom=&#8221;0&#8243; padding_left=&#8221;40&#8243; padding_right=&#8221;40&#8243; bg_position=&#8221;top&#8221; bg_repeat=&#8221;no-repeat&#8221; bg_cover=&#8221;false&#8221; bg_attachment=&#8221;false&#8221; padding_top=&#8221;40&#8243; padding_bottom=&#8221;40&#8243; parallax_speed=&#8221;0.1&#8243;][vc_column width=&#8221;1\/3&#8243;][vc_single_image image=&#8221;1681&#8243; img_size=&#8221;full&#8221;][\/vc_column][vc_column width=&#8221;2\/3&#8243;]<div class=\"gap\" style=\"line-height: 10px; height: 10px;\"><\/div>[vc_column_text]<\/p>\n<p>Our technical assistance and advisory services provide unique insights and guidance for the improvement of management, supervision, monitoring, and ongoing control over services. We focus primarily on the optimization of contracts through various savings initiatives related to the following general services:<\/p>\n<p>[\/vc_column_text]<div class=\"gap\" style=\"line-height: 20px; height: 20px;\"><\/div>[vc_column_text css=&#8221;&#8221;]<\/p>\n<h3>Facility Management<\/h3>\n<ul class=\"listado\">\n<li>Facility maintenance.<\/li>\n<li>Cleaning of buildings and premises.<\/li>\n<li>Security and surveillance.<\/li>\n<li>Gardening.<\/li>\n<li>Treating and controlling pest infestations.<\/li>\n<li>Catering and restaurant services.<\/li>\n<li>And all basic service contracts in general.<\/li>\n<\/ul>\n<h3>Energy Management<\/h3>\n<ul class=\"listado bullet-top\">\n<li><strong>Energy Accounting<\/strong><br \/>\nManagement and optimisation of the consumption and cost of energy supplies. Control and analysis of the bills for energy supplies by specific software. Negotiation of the purchase of energy and advice at all times on any matter referring to energy and the installations.<\/li>\n<li><strong>Energy management systems<\/strong><br \/>\nImplementation of energy management software to find out in detail the energy behaviour of the installations and supplies, identifying the saving potential and maintaining an exhaustive control of energy expenses.<\/li>\n<li><strong>Energy audits and energy certificates for buildings <\/strong><br \/>\nCarrying out energy audits to help the organisations to find out the behaviour of energy consumption and its associated costs, identifying and characterising the factors affecting energy consumption, and detecting opportunities for energy and cost saving.<br \/>\nEnergy certificates for buildings are issued by means of officially approved software (CE3-X and LIDER-CALENER (HULC)). A label is obtained with the energy classification of the building.<\/li>\n<\/ul>\n<h3>Other services<\/h3>\n<ul class=\"listado\">\n<li>Maintenance and conservation of elements on public thoroughfares.<\/li>\n<li>Home care services.<\/li>\n<li>Waste management and selective waste collection.<\/li>\n<\/ul>\n<p>[\/vc_column_text][\/vc_column][\/vc_row]<\/p>\n<\/div>","protected":false},"excerpt":{"rendered":"<p>[vc_row margin_top=&#8221;0&#8243; margin_bottom=&#8221;0&#8243; padding_left=&#8221;40&#8243; padding_right=&#8221;40&#8243; bg_position=&#8221;top&#8221; bg_repeat=&#8221;no-repeat&#8221; bg_cover=&#8221;false&#8221; bg_attachment=&#8221;false&#8221; padding_top=&#8221;40&#8243; padding_bottom=&#8221;40&#8243; parallax_speed=&#8221;0.1&#8243;][vc_column width=&#8221;1\/3&#8243;][vc_single_image image=&#8221;1681&#8243; img_size=&#8221;full&#8221;][\/vc_column][vc_column width=&#8221;2\/3&#8243;][vc_column_text] Our technical assistance and advisory services provide unique insights and guidance for the improvement of management, supervision, monitoring, and ongoing control over services. We focus primarily on the optimization of contracts through various savings initiatives related to the following&hellip;<\/p>\n","protected":false},"author":1,"featured_media":0,"parent":0,"menu_order":3,"comment_status":"closed","ping_status":"open","template":"","meta":[],"class_list":["post-1111","page","type-page","status-publish","hentry","description-off"],"yoast_head":"<!-- This site is optimized with the Yoast SEO plugin v27.3 - https:\/\/yoast.com\/product\/yoast-seo-wordpress\/ -->\n<title>Our scope of activity - Ciascom<\/title>\n<meta name=\"robots\" content=\"index, follow, max-snippet:-1, max-image-preview:large, max-video-preview:-1\" \/>\n<link rel=\"canonical\" href=\"https:\/\/www.ciascom.com\/en\/our-scope-of-activity\/\" \/>\n<meta property=\"og:locale\" content=\"en_US\" \/>\n<meta property=\"og:type\" content=\"article\" \/>\n<meta property=\"og:title\" content=\"Our scope of activity - Ciascom\" \/>\n<meta property=\"og:description\" content=\"[vc_row margin_top=&#8221;0&#8243; margin_bottom=&#8221;0&#8243; padding_left=&#8221;40&#8243; padding_right=&#8221;40&#8243; bg_position=&#8221;top&#8221; bg_repeat=&#8221;no-repeat&#8221; bg_cover=&#8221;false&#8221; bg_attachment=&#8221;false&#8221; padding_top=&#8221;40&#8243; padding_bottom=&#8221;40&#8243; parallax_speed=&#8221;0.1&#8243;][vc_column width=&#8221;1\/3&#8243;][vc_single_image image=&#8221;1681&#8243; img_size=&#8221;full&#8221;][\/vc_column][vc_column width=&#8221;2\/3&#8243;][vc_column_text] Our technical assistance and advisory services provide unique insights and guidance for the improvement of management, supervision, monitoring, and ongoing control over services. We focus primarily on the optimization of contracts through various savings initiatives related to the following&hellip;\" \/>\n<meta property=\"og:url\" content=\"https:\/\/www.ciascom.com\/en\/our-scope-of-activity\/\" \/>\n<meta property=\"og:site_name\" content=\"Ciascom\" \/>\n<meta property=\"article:modified_time\" content=\"2025-10-03T11:22:48+00:00\" \/>\n<meta name=\"twitter:label1\" content=\"Est. reading time\" \/>\n\t<meta name=\"twitter:data1\" content=\"2 minutes\" \/>\n<script type=\"application\/ld+json\" class=\"yoast-schema-graph\">{\"@context\":\"https:\\\/\\\/schema.org\",\"@graph\":[{\"@type\":\"WebPage\",\"@id\":\"https:\\\/\\\/www.ciascom.com\\\/en\\\/our-scope-of-activity\\\/\",\"url\":\"https:\\\/\\\/www.ciascom.com\\\/en\\\/our-scope-of-activity\\\/\",\"name\":\"Our scope of activity - Ciascom\",\"isPartOf\":{\"@id\":\"https:\\\/\\\/www.ciascom.com\\\/en\\\/#website\"},\"datePublished\":\"2014-12-02T15:03:45+00:00\",\"dateModified\":\"2025-10-03T11:22:48+00:00\",\"breadcrumb\":{\"@id\":\"https:\\\/\\\/www.ciascom.com\\\/en\\\/our-scope-of-activity\\\/#breadcrumb\"},\"inLanguage\":\"en-US\",\"potentialAction\":[{\"@type\":\"ReadAction\",\"target\":[\"https:\\\/\\\/www.ciascom.com\\\/en\\\/our-scope-of-activity\\\/\"]}]},{\"@type\":\"BreadcrumbList\",\"@id\":\"https:\\\/\\\/www.ciascom.com\\\/en\\\/our-scope-of-activity\\\/#breadcrumb\",\"itemListElement\":[{\"@type\":\"ListItem\",\"position\":1,\"name\":\"Inicio\",\"item\":\"https:\\\/\\\/www.ciascom.com\\\/en\\\/\"},{\"@type\":\"ListItem\",\"position\":2,\"name\":\"Our scope of activity\"}]},{\"@type\":\"WebSite\",\"@id\":\"https:\\\/\\\/www.ciascom.com\\\/en\\\/#website\",\"url\":\"https:\\\/\\\/www.ciascom.com\\\/en\\\/\",\"name\":\"Ciascom\",\"description\":\"CIAS COM consultor\u00eda especializada en la contrataci\u00f3n, control de servicios generales y gesti\u00f3n de la eficiencia energ\u00e9tica en Administraciones P\u00fablicas y organizaciones privadas\",\"potentialAction\":[{\"@type\":\"SearchAction\",\"target\":{\"@type\":\"EntryPoint\",\"urlTemplate\":\"https:\\\/\\\/www.ciascom.com\\\/en\\\/?s={search_term_string}\"},\"query-input\":{\"@type\":\"PropertyValueSpecification\",\"valueRequired\":true,\"valueName\":\"search_term_string\"}}],\"inLanguage\":\"en-US\"}]}<\/script>\n<!-- \/ Yoast SEO plugin. -->","yoast_head_json":{"title":"Our scope of activity - Ciascom","robots":{"index":"index","follow":"follow","max-snippet":"max-snippet:-1","max-image-preview":"max-image-preview:large","max-video-preview":"max-video-preview:-1"},"canonical":"https:\/\/www.ciascom.com\/en\/our-scope-of-activity\/","og_locale":"en_US","og_type":"article","og_title":"Our scope of activity - Ciascom","og_description":"[vc_row margin_top=&#8221;0&#8243; margin_bottom=&#8221;0&#8243; padding_left=&#8221;40&#8243; padding_right=&#8221;40&#8243; bg_position=&#8221;top&#8221; bg_repeat=&#8221;no-repeat&#8221; bg_cover=&#8221;false&#8221; bg_attachment=&#8221;false&#8221; padding_top=&#8221;40&#8243; padding_bottom=&#8221;40&#8243; parallax_speed=&#8221;0.1&#8243;][vc_column width=&#8221;1\/3&#8243;][vc_single_image image=&#8221;1681&#8243; img_size=&#8221;full&#8221;][\/vc_column][vc_column width=&#8221;2\/3&#8243;][vc_column_text] Our technical assistance and advisory services provide unique insights and guidance for the improvement of management, supervision, monitoring, and ongoing control over services. We focus primarily on the optimization of contracts through various savings initiatives related to the following&hellip;","og_url":"https:\/\/www.ciascom.com\/en\/our-scope-of-activity\/","og_site_name":"Ciascom","article_modified_time":"2025-10-03T11:22:48+00:00","twitter_misc":{"Est. reading time":"2 minutes"},"schema":{"@context":"https:\/\/schema.org","@graph":[{"@type":"WebPage","@id":"https:\/\/www.ciascom.com\/en\/our-scope-of-activity\/","url":"https:\/\/www.ciascom.com\/en\/our-scope-of-activity\/","name":"Our scope of activity - Ciascom","isPartOf":{"@id":"https:\/\/www.ciascom.com\/en\/#website"},"datePublished":"2014-12-02T15:03:45+00:00","dateModified":"2025-10-03T11:22:48+00:00","breadcrumb":{"@id":"https:\/\/www.ciascom.com\/en\/our-scope-of-activity\/#breadcrumb"},"inLanguage":"en-US","potentialAction":[{"@type":"ReadAction","target":["https:\/\/www.ciascom.com\/en\/our-scope-of-activity\/"]}]},{"@type":"BreadcrumbList","@id":"https:\/\/www.ciascom.com\/en\/our-scope-of-activity\/#breadcrumb","itemListElement":[{"@type":"ListItem","position":1,"name":"Inicio","item":"https:\/\/www.ciascom.com\/en\/"},{"@type":"ListItem","position":2,"name":"Our scope of activity"}]},{"@type":"WebSite","@id":"https:\/\/www.ciascom.com\/en\/#website","url":"https:\/\/www.ciascom.com\/en\/","name":"Ciascom","description":"CIAS COM consultor\u00eda especializada en la contrataci\u00f3n, control de servicios generales y gesti\u00f3n de la eficiencia energ\u00e9tica en Administraciones P\u00fablicas y organizaciones privadas","potentialAction":[{"@type":"SearchAction","target":{"@type":"EntryPoint","urlTemplate":"https:\/\/www.ciascom.com\/en\/?s={search_term_string}"},"query-input":{"@type":"PropertyValueSpecification","valueRequired":true,"valueName":"search_term_string"}}],"inLanguage":"en-US"}]}},"_links":{"self":[{"href":"https:\/\/www.ciascom.com\/en\/wp-json\/wp\/v2\/pages\/1111","targetHints":{"allow":["GET"]}}],"collection":[{"href":"https:\/\/www.ciascom.com\/en\/wp-json\/wp\/v2\/pages"}],"about":[{"href":"https:\/\/www.ciascom.com\/en\/wp-json\/wp\/v2\/types\/page"}],"author":[{"embeddable":true,"href":"https:\/\/www.ciascom.com\/en\/wp-json\/wp\/v2\/users\/1"}],"replies":[{"embeddable":true,"href":"https:\/\/www.ciascom.com\/en\/wp-json\/wp\/v2\/comments?post=1111"}],"version-history":[{"count":7,"href":"https:\/\/www.ciascom.com\/en\/wp-json\/wp\/v2\/pages\/1111\/revisions"}],"predecessor-version":[{"id":3947,"href":"https:\/\/www.ciascom.com\/en\/wp-json\/wp\/v2\/pages\/1111\/revisions\/3947"}],"wp:attachment":[{"href":"https:\/\/www.ciascom.com\/en\/wp-json\/wp\/v2\/media?parent=1111"}],"curies":[{"name":"wp","href":"https:\/\/api.w.org\/{rel}","templated":true}]}}