{"id":1107,"date":"2014-12-02T12:28:22","date_gmt":"2014-12-02T12:28:22","guid":{"rendered":"http:\/\/www.ciascom.com\/quienes-somos-2\/"},"modified":"2025-10-03T11:30:10","modified_gmt":"2025-10-03T11:30:10","slug":"about-ciascom","status":"publish","type":"page","link":"https:\/\/www.ciascom.com\/en\/about-ciascom\/","title":{"rendered":"About Ciascom"},"content":{"rendered":"<div class=\"wpb-content-wrapper\"><p>[vc_row][vc_column width=&#8221;1\/2&#8243;][vc_column_text]<\/p>\n<h3>CIAS COM<\/h3>\n<p>[\/vc_column_text]<div class=\"gap\" style=\"line-height: 10px; height: 10px;\"><\/div>[vc_column_text css=&#8221;&#8221;]We are a consultancy company with over 20 years&#8217; experience that specialises in improving management, supervision, follow-up, control for contracting general services, and managing energy efficiency in Public Administrations and private organisations.<\/p>\n<p>CIAS COM is an <strong>independent<\/strong> organisation that has no commercial connection with business groups, which guarantees our impartiality and objectivity in our work. o.[\/vc_column_text]<div class=\"gap\" style=\"line-height: 20px; height: 20px;\"><\/div>[\/vc_column][vc_column width=&#8221;1\/2&#8243;][vc_single_image image=&#8221;1369&#8243; img_size=&#8221;full&#8221; alignment=&#8221;center&#8221; style=&#8221;vc_box_shadow_border&#8221; css_animation=&#8221;right-to-left&#8221;]<div class=\"gap\" style=\"line-height: 20px; height: 20px;\"><\/div>[\/vc_column][\/vc_row][vc_row][vc_column width=&#8221;1\/2&#8243;]<div class=\"gap\" style=\"line-height: 20px; height: 20px;\"><\/div>[vc_single_image image=&#8221;1368&#8243; img_size=&#8221;full&#8221; alignment=&#8221;center&#8221; style=&#8221;vc_box_shadow_border&#8221; css_animation=&#8221;left-to-right&#8221;][\/vc_column][vc_column width=&#8221;1\/2&#8243;]<div class=\"gap\" style=\"line-height: 20px; height: 20px;\"><\/div>[vc_column_text]<\/p>\n<h3>Team<\/h3>\n<p>At CIAS COM we have a <strong>multidisciplinary team<\/strong> of highly qualified experts for each of the fields of action and lines of business with the aim of guaranteeing a quality service and providing our clients with the best solutions.<\/p>\n<p>The personnel of consultants, with 90% holding higher technical studies in the fields of engineering, architecture, computing, and economics, made up the <strong>main asset of our organisation<\/strong>.<\/p>\n<p>Our technicians have years of <strong>experience<\/strong> in giving advice on the management of general services and energy consultancy. [\/vc_column_text][\/vc_column][\/vc_row][vc_row padding_left=&#8221;40&#8243; padding_right=&#8221;40&#8243; bg_position=&#8221;top&#8221; bg_repeat=&#8221;no-repeat&#8221; bg_cover=&#8221;false&#8221; bg_attachment=&#8221;false&#8221; padding_top=&#8221;40&#8243; padding_bottom=&#8221;40&#8243; parallax_speed=&#8221;0.1&#8243; margin_top=&#8221;20px&#8221; margin_bottom=&#8221;20px&#8221;][vc_column]<div class=\"hr-thin style-line\" style=\"width: 100%;border-top-width: 1px;\"><\/div>[\/vc_column][\/vc_row][vc_row][vc_column width=&#8221;1\/2&#8243;][vc_column_text]<\/p>\n<h3>Where are we?<\/h3>\n<p>[\/vc_column_text]<div class=\"gap\" style=\"line-height: 10px; height: 10px;\"><\/div>[vc_single_image image=&#8221;1617&#8243; img_size=&#8221;full&#8221; alignment=&#8221;center&#8221; css_animation=&#8221;left-to-right&#8221;][\/vc_column][vc_column width=&#8221;1\/2&#8243;][vc_column_text]We provide national cover by means of teams of engineers, architects, economists, and computer experts from Barcelona (headquarters), Madrid, Girona, Burgos, Valladolid, C\u00e1ceres, Murcia, Sevilla, M\u00e1laga, Albacete, A Coru\u00f1a, Palma de Mallorca, and Valencia.<\/p>\n<p>&nbsp;<\/p>\n<p style=\"text-align: center;\"><a href=\"\/contacto\/\" class=\"btn-shortcode dt-btn-m dt-btn default-btn-color default-btn-hover-color default-btn-bg-color default-btn-bg-hover-color\" id=\"dt-btn-1\"><span>Contact<\/span><\/a><\/p>\n<p>[\/vc_column_text][\/vc_column][\/vc_row][vc_row margin_top=&#8221;20&#8243; margin_bottom=&#8221;20&#8243; padding_left=&#8221;40&#8243; padding_right=&#8221;40&#8243; bg_position=&#8221;top&#8221; bg_repeat=&#8221;no-repeat&#8221; bg_cover=&#8221;false&#8221; bg_attachment=&#8221;false&#8221; padding_top=&#8221;40&#8243; padding_bottom=&#8221;40&#8243; parallax_speed=&#8221;0.1&#8243;][vc_column]<div class=\"hr-thin style-line\" style=\"width: 100%;border-top-width: 1px;\"><\/div>[\/vc_column][\/vc_row]<\/p>\n<\/div>","protected":false},"excerpt":{"rendered":"<p>[vc_row][vc_column width=&#8221;1\/2&#8243;][vc_column_text] CIAS COM [\/vc_column_text][vc_column_text css=&#8221;&#8221;]We are a consultancy company with over 20 years&#8217; experience that specialises in improving management, supervision, follow-up, control for contracting general services, and managing energy efficiency in Public Administrations and private organisations. CIAS COM is an independent organisation that has no commercial connection with business groups, which guarantees our impartiality&hellip;<\/p>\n","protected":false},"author":1,"featured_media":0,"parent":0,"menu_order":2,"comment_status":"closed","ping_status":"closed","template":"","meta":[],"class_list":["post-1107","page","type-page","status-publish","hentry","description-off"],"yoast_head":"<!-- This site is optimized with the Yoast SEO plugin v27.3 - https:\/\/yoast.com\/product\/yoast-seo-wordpress\/ -->\n<title>About Ciascom - Ciascom<\/title>\n<meta name=\"robots\" content=\"index, follow, max-snippet:-1, max-image-preview:large, max-video-preview:-1\" \/>\n<link rel=\"canonical\" href=\"https:\/\/www.ciascom.com\/en\/about-ciascom\/\" \/>\n<meta property=\"og:locale\" content=\"en_US\" \/>\n<meta property=\"og:type\" content=\"article\" \/>\n<meta property=\"og:title\" content=\"About Ciascom - Ciascom\" \/>\n<meta property=\"og:description\" content=\"[vc_row][vc_column width=&#8221;1\/2&#8243;][vc_column_text] CIAS COM [\/vc_column_text][vc_column_text css=&#8221;&#8221;]We are a consultancy company with over 20 years&#8217; experience that specialises in improving management, supervision, follow-up, control for contracting general services, and managing energy efficiency in Public Administrations and private organisations. CIAS COM is an independent organisation that has no commercial connection with business groups, which guarantees our impartiality&hellip;\" \/>\n<meta property=\"og:url\" content=\"https:\/\/www.ciascom.com\/en\/about-ciascom\/\" \/>\n<meta property=\"og:site_name\" content=\"Ciascom\" \/>\n<meta property=\"article:modified_time\" content=\"2025-10-03T11:30:10+00:00\" \/>\n<meta name=\"twitter:label1\" content=\"Est. reading time\" \/>\n\t<meta name=\"twitter:data1\" content=\"2 minutes\" \/>\n<script type=\"application\/ld+json\" class=\"yoast-schema-graph\">{\"@context\":\"https:\\\/\\\/schema.org\",\"@graph\":[{\"@type\":\"WebPage\",\"@id\":\"https:\\\/\\\/www.ciascom.com\\\/en\\\/about-ciascom\\\/\",\"url\":\"https:\\\/\\\/www.ciascom.com\\\/en\\\/about-ciascom\\\/\",\"name\":\"About Ciascom - Ciascom\",\"isPartOf\":{\"@id\":\"https:\\\/\\\/www.ciascom.com\\\/en\\\/#website\"},\"datePublished\":\"2014-12-02T12:28:22+00:00\",\"dateModified\":\"2025-10-03T11:30:10+00:00\",\"breadcrumb\":{\"@id\":\"https:\\\/\\\/www.ciascom.com\\\/en\\\/about-ciascom\\\/#breadcrumb\"},\"inLanguage\":\"en-US\",\"potentialAction\":[{\"@type\":\"ReadAction\",\"target\":[\"https:\\\/\\\/www.ciascom.com\\\/en\\\/about-ciascom\\\/\"]}]},{\"@type\":\"BreadcrumbList\",\"@id\":\"https:\\\/\\\/www.ciascom.com\\\/en\\\/about-ciascom\\\/#breadcrumb\",\"itemListElement\":[{\"@type\":\"ListItem\",\"position\":1,\"name\":\"Inicio\",\"item\":\"https:\\\/\\\/www.ciascom.com\\\/en\\\/\"},{\"@type\":\"ListItem\",\"position\":2,\"name\":\"About Ciascom\"}]},{\"@type\":\"WebSite\",\"@id\":\"https:\\\/\\\/www.ciascom.com\\\/en\\\/#website\",\"url\":\"https:\\\/\\\/www.ciascom.com\\\/en\\\/\",\"name\":\"Ciascom\",\"description\":\"CIAS COM consultor\u00eda especializada en la contrataci\u00f3n, control de servicios generales y gesti\u00f3n de la eficiencia energ\u00e9tica en Administraciones P\u00fablicas y organizaciones privadas\",\"potentialAction\":[{\"@type\":\"SearchAction\",\"target\":{\"@type\":\"EntryPoint\",\"urlTemplate\":\"https:\\\/\\\/www.ciascom.com\\\/en\\\/?s={search_term_string}\"},\"query-input\":{\"@type\":\"PropertyValueSpecification\",\"valueRequired\":true,\"valueName\":\"search_term_string\"}}],\"inLanguage\":\"en-US\"}]}<\/script>\n<!-- \/ Yoast SEO plugin. -->","yoast_head_json":{"title":"About Ciascom - Ciascom","robots":{"index":"index","follow":"follow","max-snippet":"max-snippet:-1","max-image-preview":"max-image-preview:large","max-video-preview":"max-video-preview:-1"},"canonical":"https:\/\/www.ciascom.com\/en\/about-ciascom\/","og_locale":"en_US","og_type":"article","og_title":"About Ciascom - Ciascom","og_description":"[vc_row][vc_column width=&#8221;1\/2&#8243;][vc_column_text] CIAS COM [\/vc_column_text][vc_column_text css=&#8221;&#8221;]We are a consultancy company with over 20 years&#8217; experience that specialises in improving management, supervision, follow-up, control for contracting general services, and managing energy efficiency in Public Administrations and private organisations. CIAS COM is an independent organisation that has no commercial connection with business groups, which guarantees our impartiality&hellip;","og_url":"https:\/\/www.ciascom.com\/en\/about-ciascom\/","og_site_name":"Ciascom","article_modified_time":"2025-10-03T11:30:10+00:00","twitter_misc":{"Est. reading time":"2 minutes"},"schema":{"@context":"https:\/\/schema.org","@graph":[{"@type":"WebPage","@id":"https:\/\/www.ciascom.com\/en\/about-ciascom\/","url":"https:\/\/www.ciascom.com\/en\/about-ciascom\/","name":"About Ciascom - Ciascom","isPartOf":{"@id":"https:\/\/www.ciascom.com\/en\/#website"},"datePublished":"2014-12-02T12:28:22+00:00","dateModified":"2025-10-03T11:30:10+00:00","breadcrumb":{"@id":"https:\/\/www.ciascom.com\/en\/about-ciascom\/#breadcrumb"},"inLanguage":"en-US","potentialAction":[{"@type":"ReadAction","target":["https:\/\/www.ciascom.com\/en\/about-ciascom\/"]}]},{"@type":"BreadcrumbList","@id":"https:\/\/www.ciascom.com\/en\/about-ciascom\/#breadcrumb","itemListElement":[{"@type":"ListItem","position":1,"name":"Inicio","item":"https:\/\/www.ciascom.com\/en\/"},{"@type":"ListItem","position":2,"name":"About Ciascom"}]},{"@type":"WebSite","@id":"https:\/\/www.ciascom.com\/en\/#website","url":"https:\/\/www.ciascom.com\/en\/","name":"Ciascom","description":"CIAS COM consultor\u00eda especializada en la contrataci\u00f3n, control de servicios generales y gesti\u00f3n de la eficiencia energ\u00e9tica en Administraciones P\u00fablicas y organizaciones privadas","potentialAction":[{"@type":"SearchAction","target":{"@type":"EntryPoint","urlTemplate":"https:\/\/www.ciascom.com\/en\/?s={search_term_string}"},"query-input":{"@type":"PropertyValueSpecification","valueRequired":true,"valueName":"search_term_string"}}],"inLanguage":"en-US"}]}},"_links":{"self":[{"href":"https:\/\/www.ciascom.com\/en\/wp-json\/wp\/v2\/pages\/1107","targetHints":{"allow":["GET"]}}],"collection":[{"href":"https:\/\/www.ciascom.com\/en\/wp-json\/wp\/v2\/pages"}],"about":[{"href":"https:\/\/www.ciascom.com\/en\/wp-json\/wp\/v2\/types\/page"}],"author":[{"embeddable":true,"href":"https:\/\/www.ciascom.com\/en\/wp-json\/wp\/v2\/users\/1"}],"replies":[{"embeddable":true,"href":"https:\/\/www.ciascom.com\/en\/wp-json\/wp\/v2\/comments?post=1107"}],"version-history":[{"count":5,"href":"https:\/\/www.ciascom.com\/en\/wp-json\/wp\/v2\/pages\/1107\/revisions"}],"predecessor-version":[{"id":3948,"href":"https:\/\/www.ciascom.com\/en\/wp-json\/wp\/v2\/pages\/1107\/revisions\/3948"}],"wp:attachment":[{"href":"https:\/\/www.ciascom.com\/en\/wp-json\/wp\/v2\/media?parent=1107"}],"curies":[{"name":"wp","href":"https:\/\/api.w.org\/{rel}","templated":true}]}}