{"id":1063,"date":"2014-12-02T17:18:19","date_gmt":"2014-12-02T17:18:19","guid":{"rendered":"http:\/\/www.ciascom.com\/referencias-2\/"},"modified":"2024-02-13T08:42:50","modified_gmt":"2024-02-13T08:42:50","slug":"referencies","status":"publish","type":"page","link":"https:\/\/www.ciascom.com\/ca\/referencies\/","title":{"rendered":"Refer\u00e8ncies"},"content":{"rendered":"<div class=\"wpb-content-wrapper\"><p>[vc_row][vc_column width=&#8221;5\/6&#8243;]<div class=\"gap\" style=\"line-height: 20px; height: 20px;\"><\/div>[vc_column_text]<\/p>\n<h2>\u00c0mbit Administraci\u00f3 P\u00fablica<\/h2>\n<p>[\/vc_column_text]<section class=\"logos-grid wf-container animation-builder\"><div class=\"wf-logo wf-1-5\"><div class=\"borders\"><a href=\"\" target=\"_blank\" title=\"\" ><img loading=\"lazy\" decoding=\"async\" class=\"fade-in animate-element preload-me\" src=\"https:\/\/www.ciascom.com\/wp-content\/uploads\/2024\/02\/Correos.jpg\" width=\"300\" height=\"300\"  alt=\"Correos\" \/><\/a><\/div><\/div><div class=\"wf-logo wf-1-5\"><div class=\"borders\"><a href=\"http:\/\/www.mjusticia.gob.es\" target=\"_blank\" title=\"\" ><img loading=\"lazy\" decoding=\"async\" class=\"fade-in animate-element preload-me\" src=\"https:\/\/www.ciascom.com\/wp-content\/uploads\/2014\/12\/ministerio-de-justicia-300x300.png\" width=\"300\" height=\"300\"  alt=\"Ministerio de Justicia\" \/><\/a><\/div><\/div><div class=\"wf-logo wf-1-5\"><div class=\"borders\"><a href=\"\" target=\"_blank\" title=\"\" ><img loading=\"lazy\" decoding=\"async\" class=\"fade-in animate-element preload-me\" src=\"https:\/\/www.ciascom.com\/wp-content\/uploads\/2024\/02\/IME-Palma-1.jpg\" width=\"300\" height=\"300\"  alt=\"IME Palma\" \/><\/a><\/div><\/div><div class=\"wf-logo wf-1-5\"><div class=\"borders\"><a href=\"\" target=\"_blank\" title=\"\" ><img loading=\"lazy\" decoding=\"async\" class=\"fade-in animate-element preload-me\" src=\"https:\/\/www.ciascom.com\/wp-content\/uploads\/2024\/02\/Conselleria-de-Justicia.jpg\" width=\"300\" height=\"300\"  alt=\"Generalitat Valenciana Conselleria de Just\u00edcia\" \/><\/a><\/div><\/div><div class=\"wf-logo wf-1-5\"><div class=\"borders\"><a href=\"\" target=\"_blank\" title=\"\" ><img loading=\"lazy\" decoding=\"async\" class=\"fade-in animate-element preload-me\" src=\"https:\/\/www.ciascom.com\/wp-content\/uploads\/2024\/02\/Drets-Socials.jpg\" width=\"300\" height=\"300\"  alt=\"Gencat Drets Socials\" \/><\/a><\/div><\/div><div class=\"wf-logo wf-1-5\"><div class=\"borders\"><a href=\"\" target=\"_blank\" title=\"\" ><img loading=\"lazy\" decoding=\"async\" class=\"fade-in animate-element preload-me\" src=\"https:\/\/www.ciascom.com\/wp-content\/uploads\/2024\/02\/ACA.jpg\" width=\"300\" height=\"300\"  alt=\"Ag\u00e8ncia Catalana de l&#8217;Aigua\" \/><\/a><\/div><\/div><div class=\"wf-logo wf-1-5\"><div class=\"borders\"><a href=\"\" target=\"_blank\" title=\"\" ><img loading=\"lazy\" decoding=\"async\" class=\"fade-in animate-element preload-me\" src=\"https:\/\/www.ciascom.com\/wp-content\/uploads\/2024\/02\/Gobierno-de-Canarias.jpg\" width=\"300\" height=\"300\"  alt=\"Gobierno de Canarias\" \/><\/a><\/div><\/div><div class=\"wf-logo wf-1-5\"><div class=\"borders\"><a href=\"\" target=\"_blank\" title=\"\" ><img loading=\"lazy\" decoding=\"async\" class=\"fade-in animate-element preload-me\" src=\"https:\/\/www.ciascom.com\/wp-content\/uploads\/2024\/02\/IMSS.jpg\" width=\"300\" height=\"300\"  alt=\"IMSS\" \/><\/a><\/div><\/div><div class=\"wf-logo wf-1-5\"><div class=\"borders\"><a href=\"http:\/\/112.gencat.cat\/\" target=\"_blank\" title=\"\" ><img loading=\"lazy\" decoding=\"async\" class=\"fade-in animate-element preload-me\" src=\"https:\/\/www.ciascom.com\/wp-content\/uploads\/2017\/03\/112-300x300.jpg\" width=\"300\" height=\"300\"  alt=\"112\" \/><\/a><\/div><\/div><div class=\"wf-logo wf-1-5\"><div class=\"borders\"><a href=\"https:\/\/www.oficinadetreball.gencat.cat\/\" target=\"_blank\" title=\"\" ><img loading=\"lazy\" decoding=\"async\" class=\"fade-in animate-element preload-me\" src=\"https:\/\/www.ciascom.com\/wp-content\/uploads\/2017\/03\/soc-300x300.jpg\" width=\"300\" height=\"300\"  alt=\"Servei de Ocupacio\" \/><\/a><\/div><\/div><div class=\"wf-logo wf-1-5\"><div class=\"borders\"><a href=\"http:\/\/www.empleo.gob.es\/\" target=\"_blank\" title=\"\" ><img loading=\"lazy\" decoding=\"async\" class=\"fade-in animate-element preload-me\" src=\"https:\/\/www.ciascom.com\/wp-content\/uploads\/2017\/03\/ministerio-de-trabajo-300x300.jpg\" width=\"300\" height=\"300\"  alt=\"Ministerio de Trabajo\" \/><\/a><\/div><\/div><div class=\"wf-logo wf-1-5\"><div class=\"borders\"><a href=\"http:\/\/www.diba.cat\" target=\"_blank\" title=\"\" ><img loading=\"lazy\" decoding=\"async\" class=\"fade-in animate-element preload-me\" src=\"https:\/\/www.ciascom.com\/wp-content\/uploads\/2014\/12\/diputacio-de-barcelona-300x300.png\" width=\"300\" height=\"300\"  alt=\"Diputaci\u00f3 de Barcelona\" \/><\/a><\/div><\/div><\/section><div class=\"gap\" style=\"line-height: 40px; height: 40px;\"><\/div>[vc_column_text]<\/p>\n<h2>\u00c0mbit Municipal<\/h2>\n<p>[\/vc_column_text]<section class=\"logos-grid wf-container animation-builder\"><div class=\"wf-logo wf-1-5\"><div class=\"borders\"><a href=\"http:\/\/www.barcelona.cat\/\" target=\"_blank\" title=\"\" ><img loading=\"lazy\" decoding=\"async\" class=\"fade-in animate-element preload-me\" src=\"https:\/\/www.ciascom.com\/wp-content\/uploads\/2014\/03\/ajuntament-de-barcelona-300x300.png\" width=\"300\" height=\"300\"  alt=\"01 Ayuntamiento de Barcelona\" \/><\/a><\/div><\/div><div class=\"wf-logo wf-1-5\"><div class=\"borders\"><a href=\"http:\/\/badalona.cat\/\" target=\"_blank\" title=\"\" ><img loading=\"lazy\" decoding=\"async\" class=\"fade-in animate-element preload-me\" src=\"https:\/\/www.ciascom.com\/wp-content\/uploads\/2017\/03\/badalona-300x300.jpg\" width=\"300\" height=\"300\"  alt=\"Badalona\" \/><\/a><\/div><\/div><div class=\"wf-logo wf-1-5\"><div class=\"borders\"><a href=\"http:\/\/www.olot.cat\/\" target=\"_blank\" title=\"\" ><img loading=\"lazy\" decoding=\"async\" class=\"fade-in animate-element preload-me\" src=\"https:\/\/www.ciascom.com\/wp-content\/uploads\/2017\/03\/Ajuntament-dOlot-300x300.jpg\" width=\"300\" height=\"300\"  alt=\"Olot\" \/><\/a><\/div><\/div><div class=\"wf-logo wf-1-5\"><div class=\"borders\"><a href=\"http:\/\/www.granollers.cat\/\" target=\"_blank\" title=\"\" ><img loading=\"lazy\" decoding=\"async\" class=\"fade-in animate-element preload-me\" src=\"https:\/\/www.ciascom.com\/wp-content\/uploads\/2017\/03\/granollers-300x300.jpg\" width=\"300\" height=\"300\"  alt=\"Granollers\" \/><\/a><\/div><\/div><div class=\"wf-logo wf-1-5\"><div class=\"borders\"><a href=\"http:\/\/www.palma.cat\/\" target=\"_blank\" title=\"\" ><img loading=\"lazy\" decoding=\"async\" class=\"fade-in animate-element preload-me\" src=\"https:\/\/www.ciascom.com\/wp-content\/uploads\/2017\/03\/palma-300x300.jpg\" width=\"300\" height=\"300\"  alt=\"Palma\" \/><\/a><\/div><\/div><div class=\"wf-logo wf-1-5\"><div class=\"borders\"><a href=\"http:\/\/www.terrassa.cat\/\" target=\"_blank\" title=\"\" ><img loading=\"lazy\" decoding=\"async\" class=\"fade-in animate-element preload-me\" src=\"https:\/\/www.ciascom.com\/wp-content\/uploads\/2017\/03\/terrassa-300x300.jpg\" width=\"300\" height=\"300\"  alt=\"Terrassa\" \/><\/a><\/div><\/div><div class=\"wf-logo wf-1-5\"><div class=\"borders\"><a href=\"http:\/\/www.santcugat.cat\" target=\"_blank\" title=\"\" ><img loading=\"lazy\" decoding=\"async\" class=\"fade-in animate-element preload-me\" src=\"https:\/\/www.ciascom.com\/wp-content\/uploads\/2017\/03\/sant-cugat-300x300.jpg\" width=\"300\" height=\"300\"  alt=\"santcugat\" \/><\/a><\/div><\/div><div class=\"wf-logo wf-1-5\"><div class=\"borders\"><a href=\" https:\/\/vic.cat\" target=\"_blank\" title=\"\" ><img loading=\"lazy\" decoding=\"async\" class=\"fade-in animate-element preload-me\" src=\"https:\/\/www.ciascom.com\/wp-content\/uploads\/2017\/03\/Logo-ajuntament-VIC-300x300.jpg\" width=\"300\" height=\"300\"  alt=\"Ayuntamiento de Vic\" \/><\/a><\/div><\/div><div class=\"wf-logo wf-1-5\"><div class=\"borders\"><a href=\"http:\/\/www.girona.cat\/\" target=\"_blank\" title=\"\" ><img loading=\"lazy\" decoding=\"async\" class=\"fade-in animate-element preload-me\" src=\"https:\/\/www.ciascom.com\/wp-content\/uploads\/2014\/12\/ajuntament-de-girona-300x300.png\" width=\"300\" height=\"300\"  alt=\"Ayuntamiento de Girona\" \/><\/a><\/div><\/div><\/section><div class=\"gap\" style=\"line-height: 40px; height: 40px;\"><\/div>[vc_column_text]<\/p>\n<h2>\u00c0mbit Sanitari<\/h2>\n<p>[\/vc_column_text]<section class=\"logos-grid wf-container animation-builder\"><div class=\"wf-logo wf-1-5\"><div class=\"borders\"><a href=\"http:\/\/ics.gencat.cat\/\" target=\"_blank\" title=\"\" ><img loading=\"lazy\" decoding=\"async\" class=\"fade-in animate-element preload-me\" src=\"https:\/\/www.ciascom.com\/wp-content\/uploads\/2014\/12\/institut-catala-de-la-salut-300x300.png\" width=\"300\" height=\"300\"  alt=\"ICS Institut Catal\u00e0 de la Salut\" \/><\/a><\/div><\/div><div class=\"wf-logo wf-1-5\"><div class=\"borders\"><a href=\"\" target=\"_blank\" title=\"\" ><img loading=\"lazy\" decoding=\"async\" class=\"fade-in animate-element preload-me\" src=\"https:\/\/www.ciascom.com\/wp-content\/uploads\/2024\/02\/Hospital-Tortosa.jpg\" width=\"300\" height=\"300\"  alt=\"Hospital de Tortosa\" \/><\/a><\/div><\/div><div class=\"wf-logo wf-1-5\"><div class=\"borders\"><a href=\"http:\/\/www.hospitalclinic.org\" target=\"_blank\" title=\"\" ><img loading=\"lazy\" decoding=\"async\" class=\"fade-in animate-element preload-me\" src=\"https:\/\/www.ciascom.com\/wp-content\/uploads\/2017\/03\/CLINIC1-400-3-300x300.png\" width=\"300\" height=\"300\"  alt=\"Clinic BCN\" \/><\/a><\/div><\/div><div class=\"wf-logo wf-1-5\"><div class=\"borders\"><a href=\"http:\/\/www.sanitas.es\/\" target=\"_blank\" title=\"\" ><img loading=\"lazy\" decoding=\"async\" class=\"fade-in animate-element preload-me\" src=\"https:\/\/www.ciascom.com\/wp-content\/uploads\/2014\/12\/sanitas-300x300.jpg\" width=\"300\" height=\"300\"  alt=\"SANITAS\" \/><\/a><\/div><\/div><\/section><div class=\"gap\" style=\"line-height: 30px; height: 30px;\"><\/div>[vc_column_text]<\/p>\n<h2>\u00c0mbit Educatiu<\/h2>\n<p>[\/vc_column_text]<section class=\"logos-grid wf-container animation-builder\"><div class=\"wf-logo wf-1-5\"><div class=\"borders\"><a href=\"http:\/\/www.edubcn.cat\" target=\"_blank\" title=\"\" ><img loading=\"lazy\" decoding=\"async\" class=\"fade-in animate-element preload-me\" src=\"https:\/\/www.ciascom.com\/wp-content\/uploads\/2014\/12\/consorci-de-educacio-de-barcelona-300x300.png\" width=\"300\" height=\"300\"  alt=\"CEB Consorci d\u2019Educaci\u00f3 de Barcelona\" \/><\/a><\/div><\/div><div class=\"wf-logo wf-1-5\"><div class=\"borders\"><a href=\"http:\/\/www.ub.edu\/\" target=\"_blank\" title=\"\" ><img loading=\"lazy\" decoding=\"async\" class=\"fade-in animate-element preload-me\" src=\"https:\/\/www.ciascom.com\/wp-content\/uploads\/2017\/03\/UB-300x300.jpg\" width=\"300\" height=\"300\"  alt=\"Universitat de Barcelona\" \/><\/a><\/div><\/div><div class=\"wf-logo wf-1-5\"><div class=\"borders\"><a href=\"http:\/\/www.uab.cat\" target=\"_blank\" title=\"\" ><img loading=\"lazy\" decoding=\"async\" class=\"fade-in animate-element preload-me\" src=\"https:\/\/www.ciascom.com\/wp-content\/uploads\/2014\/12\/uab-300x300.png\" width=\"300\" height=\"300\"  alt=\"Universidad Aut\u00f3noma de Barcelona\" \/><\/a><\/div><\/div><\/section><div class=\"gap\" style=\"line-height: 40px; height: 40px;\"><\/div>[vc_column_text]<\/p>\n<h2>\u00c0mbit Privat<\/h2>\n<p>[\/vc_column_text]<section class=\"logos-grid wf-container animation-builder\"><div class=\"wf-logo wf-1-5\"><div class=\"borders\"><a href=\"\" target=\"_blank\" title=\"\" ><img loading=\"lazy\" decoding=\"async\" class=\"fade-in animate-element preload-me\" src=\"https:\/\/www.ciascom.com\/wp-content\/uploads\/2024\/02\/quadis.jpg\" width=\"300\" height=\"300\"  alt=\"Quadis\" \/><\/a><\/div><\/div><div class=\"wf-logo wf-1-5\"><div class=\"borders\"><a href=\"\" target=\"_blank\" title=\"\" ><img loading=\"lazy\" decoding=\"async\" class=\"fade-in animate-element preload-me\" src=\"https:\/\/www.ciascom.com\/wp-content\/uploads\/2024\/02\/urw.jpg\" width=\"300\" height=\"300\"  alt=\"URW\" \/><\/a><\/div><\/div><div class=\"wf-logo wf-1-5\"><div class=\"borders\"><a href=\"http:\/\/www.gaes.es\" target=\"_blank\" title=\"\" ><img loading=\"lazy\" decoding=\"async\" class=\"fade-in animate-element preload-me\" src=\"https:\/\/www.ciascom.com\/wp-content\/uploads\/2024\/02\/gaes.jpg\" width=\"300\" height=\"300\"  alt=\"GAES\" \/><\/a><\/div><\/div><div class=\"wf-logo wf-1-5\"><div class=\"borders\"><a href=\"http:\/\/www.logaritme.net\/\" target=\"_blank\" title=\"\" ><img loading=\"lazy\" decoding=\"async\" class=\"fade-in animate-element preload-me\" src=\"https:\/\/www.ciascom.com\/wp-content\/uploads\/2017\/03\/logaritme-300x300.jpg\" width=\"300\" height=\"300\"  alt=\"Logaritme\" \/><\/a><\/div><\/div><div class=\"wf-logo wf-1-5\"><div class=\"borders\"><a href=\"https:\/\/www.racc.es\/h\" target=\"_blank\" title=\"\" ><img loading=\"lazy\" decoding=\"async\" class=\"fade-in animate-element preload-me\" src=\"https:\/\/www.ciascom.com\/wp-content\/uploads\/2017\/03\/racc-300x300.jpg\" width=\"300\" height=\"300\"  alt=\"RACC\" \/><\/a><\/div><\/div><div class=\"wf-logo wf-1-5\"><div class=\"borders\"><a href=\"https:\/\/www.tmb.cat\/\" target=\"_blank\" title=\"\" ><img loading=\"lazy\" decoding=\"async\" class=\"fade-in animate-element preload-me\" src=\"https:\/\/www.ciascom.com\/wp-content\/uploads\/2017\/03\/tmb-300x300.jpg\" width=\"300\" height=\"300\"  alt=\"Transports Metropolotans de Barcelona\" \/><\/a><\/div><\/div><div class=\"wf-logo wf-1-5\"><div class=\"borders\"><a href=\"http:\/\/www.gasnaturalfenosa.com\/\" target=\"_blank\" title=\"\" ><img loading=\"lazy\" decoding=\"async\" class=\"fade-in animate-element preload-me\" src=\"https:\/\/www.ciascom.com\/wp-content\/uploads\/2017\/03\/naturgy-1.jpg\" width=\"300\" height=\"300\"  alt=\"Naturgy\" \/><\/a><\/div><\/div><\/section><div class=\"gap\" style=\"line-height: 50px; height: 50px;\"><\/div>[\/vc_column]<br \/>\n[vc_column width=&#8221;1\/6&#8243;]<div class=\"gap\" style=\"line-height: 20px; height: 20px;\"><\/div>[vc_column_text]<\/p>\n<h3>Casos d&#8217;\u00e9xit<\/h3>\n<p>[\/vc_column_text]<div class=\"gap\" style=\"line-height: 40px; height: 40px;\"><\/div>[vc_column_text]<\/p>\n<p style=\"text-align: center;\"><a href=\"\/wp-content\/uploads\/2017\/03\/Ministerio-Justicia-CIASCOM-CaseStudy-ES.pdf\" class=\"btn-shortcode dt-btn-m dt-btn default-btn-color default-btn-hover-color default-btn-bg-color default-btn-bg-hover-color\" target=\"_blank\" id=\"dt-btn-1\" rel=\"noopener\"><span>Ministeri de Just\u00edcia<\/span><\/a><\/p>\n<p>[\/vc_column_text][\/vc_column][\/vc_row]<\/p>\n<\/div>","protected":false},"excerpt":{"rendered":"<p>[vc_row][vc_column width=&#8221;5\/6&#8243;][vc_column_text] \u00c0mbit Administraci\u00f3 P\u00fablica [\/vc_column_text][vc_column_text] \u00c0mbit Municipal [\/vc_column_text][vc_column_text] \u00c0mbit Sanitari [\/vc_column_text][vc_column_text] \u00c0mbit Educatiu [\/vc_column_text][vc_column_text] \u00c0mbit Privat [\/vc_column_text][\/vc_column] [vc_column width=&#8221;1\/6&#8243;][vc_column_text] Casos d&#8217;\u00e9xit [\/vc_column_text][vc_column_text] [\/vc_column_text][\/vc_column][\/vc_row]<\/p>\n","protected":false},"author":1,"featured_media":0,"parent":0,"menu_order":6,"comment_status":"closed","ping_status":"open","template":"","meta":[],"class_list":["post-1063","page","type-page","status-publish","hentry","dt_logos_category-41","description-off"],"yoast_head":"<!-- This site is optimized with the Yoast SEO plugin v27.3 - https:\/\/yoast.com\/product\/yoast-seo-wordpress\/ -->\n<title>Refer\u00e8ncies - Ciascom<\/title>\n<meta name=\"robots\" content=\"index, follow, max-snippet:-1, max-image-preview:large, max-video-preview:-1\" \/>\n<link rel=\"canonical\" href=\"https:\/\/www.ciascom.com\/ca\/referencies\/\" \/>\n<meta property=\"og:locale\" content=\"ca_ES\" \/>\n<meta property=\"og:type\" content=\"article\" \/>\n<meta property=\"og:title\" content=\"Refer\u00e8ncies - Ciascom\" \/>\n<meta property=\"og:description\" content=\"[vc_row][vc_column width=&#8221;5\/6&#8243;][vc_column_text] \u00c0mbit Administraci\u00f3 P\u00fablica [\/vc_column_text][vc_column_text] \u00c0mbit Municipal [\/vc_column_text][vc_column_text] \u00c0mbit Sanitari [\/vc_column_text][vc_column_text] \u00c0mbit Educatiu [\/vc_column_text][vc_column_text] \u00c0mbit Privat [\/vc_column_text][\/vc_column] [vc_column width=&#8221;1\/6&#8243;][vc_column_text] Casos d&#8217;\u00e9xit [\/vc_column_text][vc_column_text] [\/vc_column_text][\/vc_column][\/vc_row]\" \/>\n<meta property=\"og:url\" content=\"https:\/\/www.ciascom.com\/ca\/referencies\/\" \/>\n<meta property=\"og:site_name\" content=\"Ciascom\" \/>\n<meta property=\"article:modified_time\" content=\"2024-02-13T08:42:50+00:00\" \/>\n<meta name=\"twitter:label1\" content=\"Temps estimat de lectura\" \/>\n\t<meta name=\"twitter:data1\" content=\"1 minut\" \/>\n<script type=\"application\/ld+json\" class=\"yoast-schema-graph\">{\"@context\":\"https:\\\/\\\/schema.org\",\"@graph\":[{\"@type\":\"WebPage\",\"@id\":\"https:\\\/\\\/www.ciascom.com\\\/ca\\\/referencies\\\/\",\"url\":\"https:\\\/\\\/www.ciascom.com\\\/ca\\\/referencies\\\/\",\"name\":\"Refer\u00e8ncies - Ciascom\",\"isPartOf\":{\"@id\":\"https:\\\/\\\/www.ciascom.com\\\/ca\\\/#website\"},\"datePublished\":\"2014-12-02T17:18:19+00:00\",\"dateModified\":\"2024-02-13T08:42:50+00:00\",\"breadcrumb\":{\"@id\":\"https:\\\/\\\/www.ciascom.com\\\/ca\\\/referencies\\\/#breadcrumb\"},\"inLanguage\":\"ca\",\"potentialAction\":[{\"@type\":\"ReadAction\",\"target\":[\"https:\\\/\\\/www.ciascom.com\\\/ca\\\/referencies\\\/\"]}]},{\"@type\":\"BreadcrumbList\",\"@id\":\"https:\\\/\\\/www.ciascom.com\\\/ca\\\/referencies\\\/#breadcrumb\",\"itemListElement\":[{\"@type\":\"ListItem\",\"position\":1,\"name\":\"Inicio\",\"item\":\"https:\\\/\\\/www.ciascom.com\\\/ca\\\/\"},{\"@type\":\"ListItem\",\"position\":2,\"name\":\"Refer\u00e8ncies\"}]},{\"@type\":\"WebSite\",\"@id\":\"https:\\\/\\\/www.ciascom.com\\\/ca\\\/#website\",\"url\":\"https:\\\/\\\/www.ciascom.com\\\/ca\\\/\",\"name\":\"Ciascom\",\"description\":\"CIAS COM consultor\u00eda especializada en la contrataci\u00f3n, control de servicios generales y gesti\u00f3n de la eficiencia energ\u00e9tica en Administraciones P\u00fablicas y organizaciones privadas\",\"potentialAction\":[{\"@type\":\"SearchAction\",\"target\":{\"@type\":\"EntryPoint\",\"urlTemplate\":\"https:\\\/\\\/www.ciascom.com\\\/ca\\\/?s={search_term_string}\"},\"query-input\":{\"@type\":\"PropertyValueSpecification\",\"valueRequired\":true,\"valueName\":\"search_term_string\"}}],\"inLanguage\":\"ca\"}]}<\/script>\n<!-- \/ Yoast SEO plugin. -->","yoast_head_json":{"title":"Refer\u00e8ncies - Ciascom","robots":{"index":"index","follow":"follow","max-snippet":"max-snippet:-1","max-image-preview":"max-image-preview:large","max-video-preview":"max-video-preview:-1"},"canonical":"https:\/\/www.ciascom.com\/ca\/referencies\/","og_locale":"ca_ES","og_type":"article","og_title":"Refer\u00e8ncies - Ciascom","og_description":"[vc_row][vc_column width=&#8221;5\/6&#8243;][vc_column_text] \u00c0mbit Administraci\u00f3 P\u00fablica [\/vc_column_text][vc_column_text] \u00c0mbit Municipal [\/vc_column_text][vc_column_text] \u00c0mbit Sanitari [\/vc_column_text][vc_column_text] \u00c0mbit Educatiu [\/vc_column_text][vc_column_text] \u00c0mbit Privat [\/vc_column_text][\/vc_column] [vc_column width=&#8221;1\/6&#8243;][vc_column_text] Casos d&#8217;\u00e9xit [\/vc_column_text][vc_column_text] [\/vc_column_text][\/vc_column][\/vc_row]","og_url":"https:\/\/www.ciascom.com\/ca\/referencies\/","og_site_name":"Ciascom","article_modified_time":"2024-02-13T08:42:50+00:00","twitter_misc":{"Temps estimat de lectura":"1 minut"},"schema":{"@context":"https:\/\/schema.org","@graph":[{"@type":"WebPage","@id":"https:\/\/www.ciascom.com\/ca\/referencies\/","url":"https:\/\/www.ciascom.com\/ca\/referencies\/","name":"Refer\u00e8ncies - Ciascom","isPartOf":{"@id":"https:\/\/www.ciascom.com\/ca\/#website"},"datePublished":"2014-12-02T17:18:19+00:00","dateModified":"2024-02-13T08:42:50+00:00","breadcrumb":{"@id":"https:\/\/www.ciascom.com\/ca\/referencies\/#breadcrumb"},"inLanguage":"ca","potentialAction":[{"@type":"ReadAction","target":["https:\/\/www.ciascom.com\/ca\/referencies\/"]}]},{"@type":"BreadcrumbList","@id":"https:\/\/www.ciascom.com\/ca\/referencies\/#breadcrumb","itemListElement":[{"@type":"ListItem","position":1,"name":"Inicio","item":"https:\/\/www.ciascom.com\/ca\/"},{"@type":"ListItem","position":2,"name":"Refer\u00e8ncies"}]},{"@type":"WebSite","@id":"https:\/\/www.ciascom.com\/ca\/#website","url":"https:\/\/www.ciascom.com\/ca\/","name":"Ciascom","description":"CIAS COM consultor\u00eda especializada en la contrataci\u00f3n, control de servicios generales y gesti\u00f3n de la eficiencia energ\u00e9tica en Administraciones P\u00fablicas y organizaciones privadas","potentialAction":[{"@type":"SearchAction","target":{"@type":"EntryPoint","urlTemplate":"https:\/\/www.ciascom.com\/ca\/?s={search_term_string}"},"query-input":{"@type":"PropertyValueSpecification","valueRequired":true,"valueName":"search_term_string"}}],"inLanguage":"ca"}]}},"_links":{"self":[{"href":"https:\/\/www.ciascom.com\/ca\/wp-json\/wp\/v2\/pages\/1063","targetHints":{"allow":["GET"]}}],"collection":[{"href":"https:\/\/www.ciascom.com\/ca\/wp-json\/wp\/v2\/pages"}],"about":[{"href":"https:\/\/www.ciascom.com\/ca\/wp-json\/wp\/v2\/types\/page"}],"author":[{"embeddable":true,"href":"https:\/\/www.ciascom.com\/ca\/wp-json\/wp\/v2\/users\/1"}],"replies":[{"embeddable":true,"href":"https:\/\/www.ciascom.com\/ca\/wp-json\/wp\/v2\/comments?post=1063"}],"version-history":[{"count":10,"href":"https:\/\/www.ciascom.com\/ca\/wp-json\/wp\/v2\/pages\/1063\/revisions"}],"predecessor-version":[{"id":3437,"href":"https:\/\/www.ciascom.com\/ca\/wp-json\/wp\/v2\/pages\/1063\/revisions\/3437"}],"wp:attachment":[{"href":"https:\/\/www.ciascom.com\/ca\/wp-json\/wp\/v2\/media?parent=1063"}],"curies":[{"name":"wp","href":"https:\/\/api.w.org\/{rel}","templated":true}]}}