{"id":1043,"date":"2014-12-02T15:03:45","date_gmt":"2014-12-02T15:03:45","guid":{"rendered":"http:\/\/www.ciascom.com\/ambito-de-actuacion-2\/"},"modified":"2023-12-12T17:30:40","modified_gmt":"2023-12-12T17:30:40","slug":"ambit-dactuacio","status":"publish","type":"page","link":"https:\/\/www.ciascom.com\/ca\/ambit-dactuacio\/","title":{"rendered":"\u00c0mbit d\u2019actuaci\u00f3"},"content":{"rendered":"<div class=\"wpb-content-wrapper\"><p>[vc_row margin_top=&#8221;0&#8243; margin_bottom=&#8221;0&#8243; padding_left=&#8221;40&#8243; padding_right=&#8221;40&#8243; bg_position=&#8221;top&#8221; bg_repeat=&#8221;no-repeat&#8221; bg_cover=&#8221;false&#8221; bg_attachment=&#8221;false&#8221; padding_top=&#8221;40&#8243; padding_bottom=&#8221;40&#8243; parallax_speed=&#8221;0.1&#8243;][vc_column width=&#8221;1\/3&#8243;][vc_single_image image=&#8221;1701&#8243; img_size=&#8221;full&#8221;][\/vc_column][vc_column width=&#8221;2\/3&#8243;]<div class=\"gap\" style=\"line-height: 10px; height: 10px;\"><\/div>[vc_column_text]L&#8217;assistencia t\u00e8cnica i la consultoria que prestem per a la millora de la gesti\u00f3, la supervisi\u00f3, el seguiment i el control continuat dels serveis i l&#8217;optimitzaci\u00f3 d&#8217;aquests contractes (estalvis) est\u00e0 orientada especialment a l&#8217;\u00e0mbit dels serveis generals segu\u0308ents:[\/vc_column_text]<div class=\"gap\" style=\"line-height: 20px; height: 20px;\"><\/div>[vc_column_text]<\/p>\n<h3>Facility Management<\/h3>\n<ul class=\"listado\">\n<li>Manteniment de les instal\u00b7lacions dels edificis.<\/li>\n<li>Neteja d\u2019edificis i locals.<\/li>\n<li>Seguretat i vigil\u00e0ncia.<\/li>\n<li>Jardineria.<\/li>\n<li>Tractament de DDD.<\/li>\n<li>C\u00e0tering i serveis de restauraci\u00f3<\/li>\n<li>I, en general, tots els contractes de serveis generals.<\/li>\n<\/ul>\n<h3>Gesti\u00f3 d\u2019efici\u00e8ncia energ\u00e8tica<\/h3>\n<ul class=\"listado bullet-top\">\n<li><strong>Comptabilitat energ\u00e8tica<\/strong><br \/>\nGesti\u00f3 i optimitzaci\u00f3 dels consums i els costos dels subministraments energ\u00e8tics. Control i an\u00e0lisi de les factures de subministraments energ\u00e8tics mitjan\u00e7ant software espec\u00edfic. Negociaci\u00f3 de la compra d\u2019energia, i assessorament en tot moment sobre qualsevol tema pel que fa a l\u2019energia i les instal\u00b7lacions.<\/li>\n<li><strong>Sistemes de gesti\u00f3 energ\u00e8tica<\/strong><br \/>\nImplantaci\u00f3 de software de gesti\u00f3 energ\u00e8tica per con\u00e8ixer amb detall el comportament energ\u00e8tic de les instal\u00b7lacions i els subministraments, de manera que s\u2019identifica la potencialitat d\u2019estalvi i es mant\u00e9 un control exhaustiu de la despesa energ\u00e8tica.<\/li>\n<li><strong>Auditories energ\u00e8tiques i certificaci\u00f3 energ\u00e8tica d\u2019edificis <\/strong><br \/>\nRealitzaci\u00f3 d\u2019auditories energ\u00e8tiques per ajudar les organitzacions a con\u00e8ixer el comportament del consum d\u2019energia i els costos associats, identificar i caracteritzar els factors que afecten el consum d\u2019energia i detectar oportunitats d\u2019estalvi energ\u00e8tic i de costos.<br \/>\nCertificaci\u00f3 energ\u00e8tica d\u2019edificis mitjan\u00e7ant software homologat (CE3-X i LIDER-CALENER (HULC)). Obtenci\u00f3 d\u2019etiqueta amb la qualificaci\u00f3 energ\u00e8tica de l\u2019edifici.<\/li>\n<\/ul>\n<h3>Serveis d&#8217;atenci\u00f3 domicili\u00e0ria (Serveis Socials)<\/h3>\n<ul>\n<li>Realitzaci\u00f3 d\u2019acompanyaments a les persones professionals que presten serveis domiciliaris, en els domicilis de les persones ateses.<\/li>\n<li>Auditoria al local de les empreses prove\u00efdores: procediments, laboral, indicadors i altres.<\/li>\n<\/ul>\n<h3>Altres<\/h3>\n<ul class=\"listado\">\n<li>Manteniment i conservaci\u00f3 d\u2019elements de la via p\u00fablica<\/li>\n<li>Gesti\u00f3 de residus i recollida selectiva.<\/li>\n<\/ul>\n<p>[\/vc_column_text][\/vc_column][\/vc_row]<\/p>\n<\/div>","protected":false},"excerpt":{"rendered":"<p>[vc_row margin_top=&#8221;0&#8243; margin_bottom=&#8221;0&#8243; padding_left=&#8221;40&#8243; padding_right=&#8221;40&#8243; bg_position=&#8221;top&#8221; bg_repeat=&#8221;no-repeat&#8221; bg_cover=&#8221;false&#8221; bg_attachment=&#8221;false&#8221; padding_top=&#8221;40&#8243; padding_bottom=&#8221;40&#8243; parallax_speed=&#8221;0.1&#8243;][vc_column width=&#8221;1\/3&#8243;][vc_single_image image=&#8221;1701&#8243; img_size=&#8221;full&#8221;][\/vc_column][vc_column width=&#8221;2\/3&#8243;][vc_column_text]L&#8217;assistencia t\u00e8cnica i la consultoria que prestem per a la millora de la gesti\u00f3, la supervisi\u00f3, el seguiment i el control continuat dels serveis i l&#8217;optimitzaci\u00f3 d&#8217;aquests contractes (estalvis) est\u00e0 orientada especialment a l&#8217;\u00e0mbit dels serveis generals segu\u0308ents:[\/vc_column_text][vc_column_text] Facility Management&hellip;<\/p>\n","protected":false},"author":1,"featured_media":0,"parent":0,"menu_order":3,"comment_status":"closed","ping_status":"open","template":"","meta":[],"class_list":["post-1043","page","type-page","status-publish","hentry","description-off"],"yoast_head":"<!-- This site is optimized with the Yoast SEO plugin v27.3 - https:\/\/yoast.com\/product\/yoast-seo-wordpress\/ -->\n<title>\u00c0mbit d\u2019actuaci\u00f3 - Ciascom<\/title>\n<meta name=\"robots\" content=\"index, follow, max-snippet:-1, max-image-preview:large, max-video-preview:-1\" \/>\n<link rel=\"canonical\" href=\"https:\/\/www.ciascom.com\/ca\/ambit-dactuacio\/\" \/>\n<meta property=\"og:locale\" content=\"ca_ES\" \/>\n<meta property=\"og:type\" content=\"article\" \/>\n<meta property=\"og:title\" content=\"\u00c0mbit d\u2019actuaci\u00f3 - Ciascom\" \/>\n<meta property=\"og:description\" content=\"[vc_row margin_top=&#8221;0&#8243; margin_bottom=&#8221;0&#8243; padding_left=&#8221;40&#8243; padding_right=&#8221;40&#8243; bg_position=&#8221;top&#8221; bg_repeat=&#8221;no-repeat&#8221; bg_cover=&#8221;false&#8221; bg_attachment=&#8221;false&#8221; padding_top=&#8221;40&#8243; padding_bottom=&#8221;40&#8243; parallax_speed=&#8221;0.1&#8243;][vc_column width=&#8221;1\/3&#8243;][vc_single_image image=&#8221;1701&#8243; img_size=&#8221;full&#8221;][\/vc_column][vc_column width=&#8221;2\/3&#8243;][vc_column_text]L&#8217;assistencia t\u00e8cnica i la consultoria que prestem per a la millora de la gesti\u00f3, la supervisi\u00f3, el seguiment i el control continuat dels serveis i l&#8217;optimitzaci\u00f3 d&#8217;aquests contractes (estalvis) est\u00e0 orientada especialment a l&#8217;\u00e0mbit dels serveis generals segu\u0308ents:[\/vc_column_text][vc_column_text] Facility Management&hellip;\" \/>\n<meta property=\"og:url\" content=\"https:\/\/www.ciascom.com\/ca\/ambit-dactuacio\/\" \/>\n<meta property=\"og:site_name\" content=\"Ciascom\" \/>\n<meta property=\"article:modified_time\" content=\"2023-12-12T17:30:40+00:00\" \/>\n<meta name=\"twitter:label1\" content=\"Temps estimat de lectura\" \/>\n\t<meta name=\"twitter:data1\" content=\"2 minuts\" \/>\n<script type=\"application\/ld+json\" class=\"yoast-schema-graph\">{\"@context\":\"https:\\\/\\\/schema.org\",\"@graph\":[{\"@type\":\"WebPage\",\"@id\":\"https:\\\/\\\/www.ciascom.com\\\/ca\\\/ambit-dactuacio\\\/\",\"url\":\"https:\\\/\\\/www.ciascom.com\\\/ca\\\/ambit-dactuacio\\\/\",\"name\":\"\u00c0mbit d\u2019actuaci\u00f3 - Ciascom\",\"isPartOf\":{\"@id\":\"https:\\\/\\\/www.ciascom.com\\\/ca\\\/#website\"},\"datePublished\":\"2014-12-02T15:03:45+00:00\",\"dateModified\":\"2023-12-12T17:30:40+00:00\",\"breadcrumb\":{\"@id\":\"https:\\\/\\\/www.ciascom.com\\\/ca\\\/ambit-dactuacio\\\/#breadcrumb\"},\"inLanguage\":\"ca\",\"potentialAction\":[{\"@type\":\"ReadAction\",\"target\":[\"https:\\\/\\\/www.ciascom.com\\\/ca\\\/ambit-dactuacio\\\/\"]}]},{\"@type\":\"BreadcrumbList\",\"@id\":\"https:\\\/\\\/www.ciascom.com\\\/ca\\\/ambit-dactuacio\\\/#breadcrumb\",\"itemListElement\":[{\"@type\":\"ListItem\",\"position\":1,\"name\":\"Inicio\",\"item\":\"https:\\\/\\\/www.ciascom.com\\\/ca\\\/\"},{\"@type\":\"ListItem\",\"position\":2,\"name\":\"\u00c0mbit d\u2019actuaci\u00f3\"}]},{\"@type\":\"WebSite\",\"@id\":\"https:\\\/\\\/www.ciascom.com\\\/ca\\\/#website\",\"url\":\"https:\\\/\\\/www.ciascom.com\\\/ca\\\/\",\"name\":\"Ciascom\",\"description\":\"CIAS COM consultor\u00eda especializada en la contrataci\u00f3n, control de servicios generales y gesti\u00f3n de la eficiencia energ\u00e9tica en Administraciones P\u00fablicas y organizaciones privadas\",\"potentialAction\":[{\"@type\":\"SearchAction\",\"target\":{\"@type\":\"EntryPoint\",\"urlTemplate\":\"https:\\\/\\\/www.ciascom.com\\\/ca\\\/?s={search_term_string}\"},\"query-input\":{\"@type\":\"PropertyValueSpecification\",\"valueRequired\":true,\"valueName\":\"search_term_string\"}}],\"inLanguage\":\"ca\"}]}<\/script>\n<!-- \/ Yoast SEO plugin. -->","yoast_head_json":{"title":"\u00c0mbit d\u2019actuaci\u00f3 - Ciascom","robots":{"index":"index","follow":"follow","max-snippet":"max-snippet:-1","max-image-preview":"max-image-preview:large","max-video-preview":"max-video-preview:-1"},"canonical":"https:\/\/www.ciascom.com\/ca\/ambit-dactuacio\/","og_locale":"ca_ES","og_type":"article","og_title":"\u00c0mbit d\u2019actuaci\u00f3 - Ciascom","og_description":"[vc_row margin_top=&#8221;0&#8243; margin_bottom=&#8221;0&#8243; padding_left=&#8221;40&#8243; padding_right=&#8221;40&#8243; bg_position=&#8221;top&#8221; bg_repeat=&#8221;no-repeat&#8221; bg_cover=&#8221;false&#8221; bg_attachment=&#8221;false&#8221; padding_top=&#8221;40&#8243; padding_bottom=&#8221;40&#8243; parallax_speed=&#8221;0.1&#8243;][vc_column width=&#8221;1\/3&#8243;][vc_single_image image=&#8221;1701&#8243; img_size=&#8221;full&#8221;][\/vc_column][vc_column width=&#8221;2\/3&#8243;][vc_column_text]L&#8217;assistencia t\u00e8cnica i la consultoria que prestem per a la millora de la gesti\u00f3, la supervisi\u00f3, el seguiment i el control continuat dels serveis i l&#8217;optimitzaci\u00f3 d&#8217;aquests contractes (estalvis) est\u00e0 orientada especialment a l&#8217;\u00e0mbit dels serveis generals segu\u0308ents:[\/vc_column_text][vc_column_text] Facility Management&hellip;","og_url":"https:\/\/www.ciascom.com\/ca\/ambit-dactuacio\/","og_site_name":"Ciascom","article_modified_time":"2023-12-12T17:30:40+00:00","twitter_misc":{"Temps estimat de lectura":"2 minuts"},"schema":{"@context":"https:\/\/schema.org","@graph":[{"@type":"WebPage","@id":"https:\/\/www.ciascom.com\/ca\/ambit-dactuacio\/","url":"https:\/\/www.ciascom.com\/ca\/ambit-dactuacio\/","name":"\u00c0mbit d\u2019actuaci\u00f3 - Ciascom","isPartOf":{"@id":"https:\/\/www.ciascom.com\/ca\/#website"},"datePublished":"2014-12-02T15:03:45+00:00","dateModified":"2023-12-12T17:30:40+00:00","breadcrumb":{"@id":"https:\/\/www.ciascom.com\/ca\/ambit-dactuacio\/#breadcrumb"},"inLanguage":"ca","potentialAction":[{"@type":"ReadAction","target":["https:\/\/www.ciascom.com\/ca\/ambit-dactuacio\/"]}]},{"@type":"BreadcrumbList","@id":"https:\/\/www.ciascom.com\/ca\/ambit-dactuacio\/#breadcrumb","itemListElement":[{"@type":"ListItem","position":1,"name":"Inicio","item":"https:\/\/www.ciascom.com\/ca\/"},{"@type":"ListItem","position":2,"name":"\u00c0mbit d\u2019actuaci\u00f3"}]},{"@type":"WebSite","@id":"https:\/\/www.ciascom.com\/ca\/#website","url":"https:\/\/www.ciascom.com\/ca\/","name":"Ciascom","description":"CIAS COM consultor\u00eda especializada en la contrataci\u00f3n, control de servicios generales y gesti\u00f3n de la eficiencia energ\u00e9tica en Administraciones P\u00fablicas y organizaciones privadas","potentialAction":[{"@type":"SearchAction","target":{"@type":"EntryPoint","urlTemplate":"https:\/\/www.ciascom.com\/ca\/?s={search_term_string}"},"query-input":{"@type":"PropertyValueSpecification","valueRequired":true,"valueName":"search_term_string"}}],"inLanguage":"ca"}]}},"_links":{"self":[{"href":"https:\/\/www.ciascom.com\/ca\/wp-json\/wp\/v2\/pages\/1043","targetHints":{"allow":["GET"]}}],"collection":[{"href":"https:\/\/www.ciascom.com\/ca\/wp-json\/wp\/v2\/pages"}],"about":[{"href":"https:\/\/www.ciascom.com\/ca\/wp-json\/wp\/v2\/types\/page"}],"author":[{"embeddable":true,"href":"https:\/\/www.ciascom.com\/ca\/wp-json\/wp\/v2\/users\/1"}],"replies":[{"embeddable":true,"href":"https:\/\/www.ciascom.com\/ca\/wp-json\/wp\/v2\/comments?post=1043"}],"version-history":[{"count":8,"href":"https:\/\/www.ciascom.com\/ca\/wp-json\/wp\/v2\/pages\/1043\/revisions"}],"predecessor-version":[{"id":3271,"href":"https:\/\/www.ciascom.com\/ca\/wp-json\/wp\/v2\/pages\/1043\/revisions\/3271"}],"wp:attachment":[{"href":"https:\/\/www.ciascom.com\/ca\/wp-json\/wp\/v2\/media?parent=1043"}],"curies":[{"name":"wp","href":"https:\/\/api.w.org\/{rel}","templated":true}]}}